{"id":6594,"date":"2021-03-18T12:47:11","date_gmt":"2021-03-18T09:47:11","guid":{"rendered":"https:\/\/thecey.com\/?post_type=product&#038;p=6594"},"modified":"2021-03-18T12:47:11","modified_gmt":"2021-03-18T09:47:11","slug":"thecey-bebek-onlukleri","status":"publish","type":"product","link":"https:\/\/thecey.com\/en\/urunler\/thecey-bebek-onlukleri\/","title":{"rendered":"TheCey- Bebek \u00d6nl\u00fckleri"},"content":{"rendered":"","protected":false},"excerpt":{"rendered":"<p><span>Leke b\u0131rakmayan mikrofiber \u00f6n y\u00fczeyi ve pamuklu s\u0131rt\u0131 sayesinde bebeklerinizde g\u00fcvenle kullanabilirsiniz.<\/span><br \/>\n<span>\u00dcretimde bebe\u011finizin cildine zarar vermeyen \u00f6zel velkro kay\u0131\u015flar kullan\u0131lmaktad\u0131r.<\/span><br \/>\n<span>Bask\u0131da kullan\u0131lan su bazl\u0131 boyalar insan sa\u011fl\u0131\u011f\u0131na ve \u00e7evreye zarar vermez.<\/span><br \/>\n<span>OEKO-TEX100 class1 sertifikas\u0131na sahibiz.\u00a0Bebe\u011finizle g\u00fcvenle kullanabilirsiniz.<\/span><\/p>\n","protected":false},"featured_media":6595,"comment_status":"open","ping_status":"closed","template":"","meta":[],"product_brand":[],"product_cat":[822,653],"product_tag":[1746,1748,427,1747,1743,779],"class_list":{"0":"post-6594","1":"product","2":"type-product","3":"status-publish","4":"has-post-thumbnail","6":"product_cat-tekstil-urunleri","7":"product_cat-made-in-turkey","8":"product_tag-bebek-onlugu","9":"product_tag-bibs","10":"product_tag-made-in-turkey","11":"product_tag-mama-onlugu","12":"product_tag-promation","13":"product_tag-promosyon","15":"first","16":"instock","17":"shipping-taxable","18":"product-type-simple"},"_links":{"self":[{"href":"https:\/\/thecey.com\/en\/wp-json\/wp\/v2\/product\/6594\/"}],"collection":[{"href":"https:\/\/thecey.com\/en\/wp-json\/wp\/v2\/product\/"}],"about":[{"href":"https:\/\/thecey.com\/en\/wp-json\/wp\/v2\/types\/product\/"}],"replies":[{"embeddable":true,"href":"https:\/\/thecey.com\/en\/wp-json\/wp\/v2\/comments\/?post=6594"}],"wp:featuredmedia":[{"embeddable":true,"href":"https:\/\/thecey.com\/en\/wp-json\/wp\/v2\/media\/6595\/"}],"wp:attachment":[{"href":"https:\/\/thecey.com\/en\/wp-json\/wp\/v2\/media\/?parent=6594"}],"wp:term":[{"taxonomy":"product_brand","embeddable":true,"href":"https:\/\/thecey.com\/en\/wp-json\/wp\/v2\/product_brand\/?post=6594"},{"taxonomy":"product_cat","embeddable":true,"href":"https:\/\/thecey.com\/en\/wp-json\/wp\/v2\/product_cat\/?post=6594"},{"taxonomy":"product_tag","embeddable":true,"href":"https:\/\/thecey.com\/en\/wp-json\/wp\/v2\/product_tag\/?post=6594"}],"curies":[{"name":"wp","href":"https:\/\/api.w.org\/{rel}","templated":true}]}}