{"id":6580,"date":"2021-03-18T12:30:01","date_gmt":"2021-03-18T09:30:01","guid":{"rendered":"https:\/\/thecey.com\/?post_type=product&#038;p=6580"},"modified":"2025-03-30T09:38:34","modified_gmt":"2025-03-30T06:38:34","slug":"thecey-welsoft-battaniye","status":"publish","type":"product","link":"https:\/\/thecey.com\/en\/urunler\/thecey-welsoft-battaniye\/","title":{"rendered":"TheCey- Welsoft Battaniye"},"content":{"rendered":"","protected":false},"excerpt":{"rendered":"<p>Welsoft battaniyeler yumu\u015fakl\u0131\u011f\u0131yla sizi s\u0131cak tutacak.\u00a0Defalarca y\u0131kansa bile renkleri solmaz ve t\u00fcylenmeye neden olmaz.<br \/>\n\u00dcretimimizde hi\u00e7bir zararl\u0131 madde kullanm\u0131yoruz.\u00a0\u0130nsan sa\u011fl\u0131\u011f\u0131na ve \u00e7evreye sayg\u0131l\u0131y\u0131z.<br \/>\nOEKO-TEX100 class1 sertifikas\u0131na sahibiz.\u00a0Bebe\u011finizle bile g\u00fcvenle kullanabilirsiniz.<\/p>\n","protected":false},"featured_media":6581,"comment_status":"open","ping_status":"closed","template":"","meta":[],"product_brand":[],"product_cat":[424,822],"product_tag":[1740,1745,1741,1064,1743,1744,779,1742],"class_list":{"0":"post-6580","1":"product","2":"type-product","3":"status-publish","4":"has-post-thumbnail","6":"product_cat-ihrac-urunleri","7":"product_cat-tekstil-urunleri","8":"product_tag-battaniye","9":"product_tag-blanket","10":"product_tag-pelus-battaniye","11":"product_tag-polar-battaniye","12":"product_tag-promation","13":"product_tag-promation-printed","14":"product_tag-promosyon","15":"product_tag-welsoft","17":"first","18":"instock","19":"shipping-taxable","20":"product-type-simple"},"_links":{"self":[{"href":"https:\/\/thecey.com\/en\/wp-json\/wp\/v2\/product\/6580\/"}],"collection":[{"href":"https:\/\/thecey.com\/en\/wp-json\/wp\/v2\/product\/"}],"about":[{"href":"https:\/\/thecey.com\/en\/wp-json\/wp\/v2\/types\/product\/"}],"replies":[{"embeddable":true,"href":"https:\/\/thecey.com\/en\/wp-json\/wp\/v2\/comments\/?post=6580"}],"wp:featuredmedia":[{"embeddable":true,"href":"https:\/\/thecey.com\/en\/wp-json\/wp\/v2\/media\/6581\/"}],"wp:attachment":[{"href":"https:\/\/thecey.com\/en\/wp-json\/wp\/v2\/media\/?parent=6580"}],"wp:term":[{"taxonomy":"product_brand","embeddable":true,"href":"https:\/\/thecey.com\/en\/wp-json\/wp\/v2\/product_brand\/?post=6580"},{"taxonomy":"product_cat","embeddable":true,"href":"https:\/\/thecey.com\/en\/wp-json\/wp\/v2\/product_cat\/?post=6580"},{"taxonomy":"product_tag","embeddable":true,"href":"https:\/\/thecey.com\/en\/wp-json\/wp\/v2\/product_tag\/?post=6580"}],"curies":[{"name":"wp","href":"https:\/\/api.w.org\/{rel}","templated":true}]}}