{"id":6566,"date":"2021-03-18T12:12:33","date_gmt":"2021-03-18T09:12:33","guid":{"rendered":"https:\/\/thecey.com\/?post_type=product&#038;p=6566"},"modified":"2021-03-18T12:12:33","modified_gmt":"2021-03-18T09:12:33","slug":"thecey-bikini-canta","status":"publish","type":"product","link":"https:\/\/thecey.com\/en\/urunler\/thecey-bikini-canta\/","title":{"rendered":"TheCey- Bikini \u00c7anta"},"content":{"rendered":"","protected":false},"excerpt":{"rendered":"<p><span>Kumsalda ve havuzda k\u0131yafetlerinizi de\u011fi\u015ftirdikten sonra en b\u00fcy\u00fck probleminiz \u0131slak tak\u0131mlar\u0131n\u0131z\u0131 koyacak yerinizin olmamas\u0131d\u0131r.<\/span><br \/>\n<span>Islak mayo \u00e7antalar\u0131 olarak da bilinen bikini \u00e7antalar\u0131m\u0131z bu sorunu \u00e7\u00f6zmektedir.\u00a0Islak e\u015fyalar\u0131n\u0131z\u0131 i\u00e7ine koyun, fermuar\u0131n\u0131 kapat\u0131n.\u00a0Bu kadar.<\/span><br \/>\n<span>Sadece tad\u0131n\u0131 \u00e7\u0131kar.<\/span><\/p>\n","protected":false},"featured_media":6567,"comment_status":"open","ping_status":"closed","template":"","meta":[],"product_brand":[],"product_cat":[917,822],"product_tag":[1659,1363,1104,1732,1360,1734,1074,1733],"class_list":{"0":"post-6566","1":"product","2":"type-product","3":"status-publish","4":"has-post-thumbnail","6":"product_cat-promo-canta","7":"product_cat-tekstil-urunleri","8":"product_tag-bag","9":"product_tag-baskili-promosyon","10":"product_tag-beach-bag","11":"product_tag-bikini-bag","12":"product_tag-canta","13":"product_tag-printed-promation","14":"product_tag-promotional-textiles","15":"product_tag-promsoyon-urunleri","17":"first","18":"instock","19":"shipping-taxable","20":"product-type-simple"},"_links":{"self":[{"href":"https:\/\/thecey.com\/en\/wp-json\/wp\/v2\/product\/6566\/"}],"collection":[{"href":"https:\/\/thecey.com\/en\/wp-json\/wp\/v2\/product\/"}],"about":[{"href":"https:\/\/thecey.com\/en\/wp-json\/wp\/v2\/types\/product\/"}],"replies":[{"embeddable":true,"href":"https:\/\/thecey.com\/en\/wp-json\/wp\/v2\/comments\/?post=6566"}],"wp:featuredmedia":[{"embeddable":true,"href":"https:\/\/thecey.com\/en\/wp-json\/wp\/v2\/media\/6567\/"}],"wp:attachment":[{"href":"https:\/\/thecey.com\/en\/wp-json\/wp\/v2\/media\/?parent=6566"}],"wp:term":[{"taxonomy":"product_brand","embeddable":true,"href":"https:\/\/thecey.com\/en\/wp-json\/wp\/v2\/product_brand\/?post=6566"},{"taxonomy":"product_cat","embeddable":true,"href":"https:\/\/thecey.com\/en\/wp-json\/wp\/v2\/product_cat\/?post=6566"},{"taxonomy":"product_tag","embeddable":true,"href":"https:\/\/thecey.com\/en\/wp-json\/wp\/v2\/product_tag\/?post=6566"}],"curies":[{"name":"wp","href":"https:\/\/api.w.org\/{rel}","templated":true}]}}