{"id":5898,"date":"2023-03-06T13:48:23","date_gmt":"2023-03-06T10:48:23","guid":{"rendered":"https:\/\/thecey.com\/?post_type=product&#038;p=5898"},"modified":"2025-03-18T10:19:56","modified_gmt":"2025-03-18T07:19:56","slug":"thecey-baskili-corap","status":"publish","type":"product","link":"https:\/\/thecey.com\/en\/urunler\/thecey-baskili-corap\/","title":{"rendered":"TheCey-Bask\u0131l\u0131 \u00c7orap"},"content":{"rendered":"<strong>Yeni Y\u0131lda, kendinize ve sevdiklerinize &#8221;en s\u0131cak hediye&#8221;<\/strong><\/p>\n<p>Size \u00f6zel haz\u0131rlad\u0131\u011f\u0131m\u0131z po\u015fet kartlar\u0131na logonuzu koyarak firman\u0131z\u0131n ad\u0131na \u00f6zelle\u015ftirebilir, y\u0131lba\u015f\u0131nda sevdiklerinize, kendinize ve \u00e7al\u0131\u015fanlar\u0131n\u0131za hediye edebilirsiniz. Normal sezon \u00e7oraplar\u0131 da firman\u0131za ve size \u00f6zel olarak \u00fcretilmektedir.<\/p>\n<p>&nbsp;<\/p>\n<p>&nbsp;<\/p>\n<p>&nbsp;","protected":false},"excerpt":{"rendered":"<p>Logonuzun evlerde de kullan\u0131lmas\u0131n\u0131 isterseniz \u00f6zel bask\u0131l\u0131 \u00e7oraplar hem evden hem ofisten \u00e7al\u0131\u015fanlar i\u00e7in g\u00fczel bir promosyon olacakt\u0131r.Full veya yar\u0131m Terry termal \u00e7oraplar ile k\u0131\u015f\u0131n ideal kullan\u0131\u015fl\u0131 bir hediye ama\u00e7lad\u0131k sizler i\u00e7in. Unisex veya tek size i\u00e7in minimum sipari\u015f adeti 360 \u00e7ifttir.<\/p>\n","protected":false},"featured_media":8680,"comment_status":"open","ping_status":"closed","template":"","meta":[],"product_brand":[],"product_cat":[935,822,304,2275],"product_tag":[2253,1605,1598,1602,1597,1599,1600,1601,1604,779,850,847,1351,1603,1596,2254],"class_list":{"0":"post-5898","1":"product","2":"type-product","3":"status-publish","4":"has-post-thumbnail","6":"product_cat-essiz-urunler","7":"product_cat-tekstil-urunleri","8":"product_cat-thecey","9":"product_cat-thecey-stok-urunler","10":"product_tag-baskili-corap","11":"product_tag-christmas-socks","12":"product_tag-corap","13":"product_tag-gift","14":"product_tag-hediye","15":"product_tag-home","16":"product_tag-homeoffice","17":"product_tag-office","18":"product_tag-printed-socks","19":"product_tag-promosyon","20":"product_tag-promosyon-tekstil","21":"product_tag-promosyon-tekstil-urunu","22":"product_tag-promosyon-urunleri","23":"product_tag-promotional-socks","24":"product_tag-yeni-yil","25":"product_tag-yeni-yil-corabi","27":"first","28":"instock","29":"shipping-taxable","30":"product-type-simple"},"_links":{"self":[{"href":"https:\/\/thecey.com\/en\/wp-json\/wp\/v2\/product\/5898\/"}],"collection":[{"href":"https:\/\/thecey.com\/en\/wp-json\/wp\/v2\/product\/"}],"about":[{"href":"https:\/\/thecey.com\/en\/wp-json\/wp\/v2\/types\/product\/"}],"replies":[{"embeddable":true,"href":"https:\/\/thecey.com\/en\/wp-json\/wp\/v2\/comments\/?post=5898"}],"wp:featuredmedia":[{"embeddable":true,"href":"https:\/\/thecey.com\/en\/wp-json\/wp\/v2\/media\/8680\/"}],"wp:attachment":[{"href":"https:\/\/thecey.com\/en\/wp-json\/wp\/v2\/media\/?parent=5898"}],"wp:term":[{"taxonomy":"product_brand","embeddable":true,"href":"https:\/\/thecey.com\/en\/wp-json\/wp\/v2\/product_brand\/?post=5898"},{"taxonomy":"product_cat","embeddable":true,"href":"https:\/\/thecey.com\/en\/wp-json\/wp\/v2\/product_cat\/?post=5898"},{"taxonomy":"product_tag","embeddable":true,"href":"https:\/\/thecey.com\/en\/wp-json\/wp\/v2\/product_tag\/?post=5898"}],"curies":[{"name":"wp","href":"https:\/\/api.w.org\/{rel}","templated":true}]}}