{"id":5522,"date":"2020-07-02T11:02:52","date_gmt":"2020-07-02T08:02:52","guid":{"rendered":"https:\/\/thecey.com\/?post_type=product&#038;p=5522"},"modified":"2023-07-28T13:52:00","modified_gmt":"2023-07-28T10:52:00","slug":"grafeex-kursun-kalem","status":"publish","type":"product","link":"https:\/\/thecey.com\/en\/urunler\/grafeex-kursun-kalem\/","title":{"rendered":"Pininfarina Grafeex Kur\u015fun Kalem"},"content":{"rendered":"Temelde \u00e7ok uzun \u00f6m\u00fcrl\u00fc bir kalemdir. Ekolojik bir malzeme olan al\u00fcminyumdan yap\u0131l\u0131r ve k\u0131l\u0131f\u0131 da geri d\u00f6n\u00fc\u015ft\u00fcr\u00fclm\u00fc\u015f deridir.<\/p>\n<p>\u00c7ok saf bir grafitten sinterleme y\u00f6ntemiyle elde edilen yenilik\u00e7i bir malzemedir, tekrar s\u00f6k\u00fcl\u00fcp tak\u0131labilen u\u00e7 k\u0131sm\u0131 ile yeni bir kalem alman\u0131za gerek kalmadan kaleminizi yenileyebilirsiniz.<\/p>\n<p>Mat siyah al\u00fcminyum sap \u00fczerine monte edilen GrafeeX ucu, benzersiz \u015fekilde tasarlanm\u0131\u015f bir klips ile birle\u015ftirildi\u011finde, normal bir kalemden \u00e7ok daha fazla dayan\u0131kl\u0131l\u0131\u011f\u0131 garanti eder ve basit bir hareketle de\u011fi\u015ftirilebilir. Elle i\u015flenmi\u015f, geri d\u00f6n\u00fc\u015ft\u00fcr\u00fclm\u00fc\u015f deriden zarif bir k\u0131l\u0131f GrafeeX&#8217;i g\u00fcnl\u00fck m\u00fckemmel bir arkada\u015f yapar: notlar\u0131n\u0131z i\u00e7in, \u00e7izimleriniz i\u00e7in veya sadece ka\u011f\u0131t \u00fczerinde fikir aktar\u0131m\u0131 i\u00e7in ideal bir kur\u015fun kalem g\u00f6revi g\u00f6r\u00fcr.<\/p>\n<p>&nbsp;<\/p>\n<p>Klips, 6 farkl\u0131 renkte mevcuttur: k\u0131rm\u0131z\u0131, turuncu, sar\u0131, ye\u015fil, mavive mor.<\/p>\n<p>&nbsp;","protected":false},"excerpt":{"rendered":"<p>Temelde \u00e7ok uzun \u00f6m\u00fcrl\u00fc bir kalemdir. Ekolojik bir malzeme olan al\u00fcminyumdan yap\u0131l\u0131r ve k\u0131l\u0131f\u0131 da geri d\u00f6n\u00fc\u015ft\u00fcr\u00fclm\u00fc\u015f deridir. \u00c7ok saf bir grafitten sinterleme y\u00f6ntemiyle elde edilen yenilik\u00e7i bir malzemedir, tekrar s\u00f6k\u00fcl\u00fcp tak\u0131labilen u\u00e7 k\u0131sm\u0131 ile yeni bir kalem alman\u0131za gerek kalmadan kaleminizi yenileyebilirsiniz. Mat siyah al\u00fcminyum sap \u00fczerine monte edilen GrafeeX ucu, benzersiz \u015fekilde tasarlanm\u0131\u015f&#8230; Devam\u0131<\/p>\n","protected":false},"featured_media":5535,"comment_status":"open","ping_status":"closed","template":"","meta":[],"product_brand":[],"product_cat":[50,1123,2278],"product_tag":[1433,1438,181,1917,1918,1437,1542,1136,1431,1427],"class_list":{"0":"post-5522","1":"product","2":"type-product","3":"status-publish","4":"has-post-thumbnail","6":"product_cat-kalem","7":"product_cat-pininfarina","8":"product_cat-pininfarina-stok-urunler","9":"product_tag-italyapininfarina","10":"product_tag-kalem-pininfarina","11":"product_tag-kaliteli-kalem","12":"product_tag-kaliteli-kursun-kalem","13":"product_tag-kursun-kalemi-tasarim-kalem","14":"product_tag-pininfarina-kalem","15":"product_tag-pininfarina-kursun-kalem","16":"product_tag-pininfarina-tasarim","17":"product_tag-pininfarinapen","18":"product_tag-pininfarinasegno","20":"first","21":"instock","22":"shipping-taxable","23":"product-type-simple"},"_links":{"self":[{"href":"https:\/\/thecey.com\/en\/wp-json\/wp\/v2\/product\/5522\/"}],"collection":[{"href":"https:\/\/thecey.com\/en\/wp-json\/wp\/v2\/product\/"}],"about":[{"href":"https:\/\/thecey.com\/en\/wp-json\/wp\/v2\/types\/product\/"}],"replies":[{"embeddable":true,"href":"https:\/\/thecey.com\/en\/wp-json\/wp\/v2\/comments\/?post=5522"}],"wp:featuredmedia":[{"embeddable":true,"href":"https:\/\/thecey.com\/en\/wp-json\/wp\/v2\/media\/5535\/"}],"wp:attachment":[{"href":"https:\/\/thecey.com\/en\/wp-json\/wp\/v2\/media\/?parent=5522"}],"wp:term":[{"taxonomy":"product_brand","embeddable":true,"href":"https:\/\/thecey.com\/en\/wp-json\/wp\/v2\/product_brand\/?post=5522"},{"taxonomy":"product_cat","embeddable":true,"href":"https:\/\/thecey.com\/en\/wp-json\/wp\/v2\/product_cat\/?post=5522"},{"taxonomy":"product_tag","embeddable":true,"href":"https:\/\/thecey.com\/en\/wp-json\/wp\/v2\/product_tag\/?post=5522"}],"curies":[{"name":"wp","href":"https:\/\/api.w.org\/{rel}","templated":true}]}}