{"id":5296,"date":"2020-04-20T16:07:14","date_gmt":"2020-04-20T13:07:14","guid":{"rendered":"https:\/\/thecey.com\/?post_type=product&#038;p=5296"},"modified":"2021-08-01T22:38:05","modified_gmt":"2021-08-01T19:38:05","slug":"lux-standli-kalem","status":"publish","type":"product","link":"https:\/\/thecey.com\/en\/urunler\/lux-standli-kalem\/","title":{"rendered":"LUX Standl\u0131 Kalem"},"content":{"rendered":"Kalemin \u00fcst\u00fcnde olan g\u00fcm\u00fc\u015f iyon par\u00e7ac\u0131klar bakterilerin \u00e7o\u011falmas\u0131n\u0131 ve yay\u0131lmas\u0131n\u0131 \u00f6nler.","protected":false},"excerpt":{"rendered":"<p>Kalemin \u00fcst\u00fcnde olan g\u00fcm\u00fc\u015f iyon par\u00e7ac\u0131klar bakterilerin \u00e7o\u011falmas\u0131n\u0131 ve yay\u0131lmas\u0131n\u0131 \u00f6nler.<\/p>\n","protected":false},"featured_media":5297,"comment_status":"open","ping_status":"closed","template":"","meta":[],"product_brand":[],"product_cat":[1474,116],"product_tag":[1476,1475,181,1477,722,688],"class_list":{"0":"post-5296","1":"product","2":"type-product","3":"status-publish","4":"has-post-thumbnail","6":"product_cat-antibakteriyel-standli-tukenmez-kalem","7":"product_cat-tukenmez-kalem","8":"product_tag-antibakteriyel-kalem","9":"product_tag-antibakteriyel-standli-tukenmez-kalem","10":"product_tag-kaliteli-kalem","11":"product_tag-saglikli-kalem","12":"product_tag-stantli-kalem","13":"product_tag-tukenmez-kalem","15":"first","16":"instock","17":"shipping-taxable","18":"product-type-simple"},"_links":{"self":[{"href":"https:\/\/thecey.com\/en\/wp-json\/wp\/v2\/product\/5296\/"}],"collection":[{"href":"https:\/\/thecey.com\/en\/wp-json\/wp\/v2\/product\/"}],"about":[{"href":"https:\/\/thecey.com\/en\/wp-json\/wp\/v2\/types\/product\/"}],"replies":[{"embeddable":true,"href":"https:\/\/thecey.com\/en\/wp-json\/wp\/v2\/comments\/?post=5296"}],"wp:featuredmedia":[{"embeddable":true,"href":"https:\/\/thecey.com\/en\/wp-json\/wp\/v2\/media\/5297\/"}],"wp:attachment":[{"href":"https:\/\/thecey.com\/en\/wp-json\/wp\/v2\/media\/?parent=5296"}],"wp:term":[{"taxonomy":"product_brand","embeddable":true,"href":"https:\/\/thecey.com\/en\/wp-json\/wp\/v2\/product_brand\/?post=5296"},{"taxonomy":"product_cat","embeddable":true,"href":"https:\/\/thecey.com\/en\/wp-json\/wp\/v2\/product_cat\/?post=5296"},{"taxonomy":"product_tag","embeddable":true,"href":"https:\/\/thecey.com\/en\/wp-json\/wp\/v2\/product_tag\/?post=5296"}],"curies":[{"name":"wp","href":"https:\/\/api.w.org\/{rel}","templated":true}]}}