{"id":5230,"date":"2020-04-16T15:09:42","date_gmt":"2020-04-16T12:09:42","guid":{"rendered":"https:\/\/thecey.com\/?post_type=product&#038;p=5230"},"modified":"2023-01-12T12:21:58","modified_gmt":"2023-01-12T09:21:58","slug":"pininfarina-not-defteri","status":"publish","type":"product","link":"https:\/\/thecey.com\/en\/urunler\/pininfarina-not-defteri\/","title":{"rendered":"Pininfarina Not Defteri"},"content":{"rendered":"<p id=\"tw-target-text\" class=\"tw-data-text tw-text-large tw-ta\" dir=\"ltr\" data-placeholder=\"\u00c7eviri\"><span lang=\"tr\">Ta\u015f Ka\u011f\u0131t: Eko-S\u00fcrd\u00fcr\u00fclebilir, Su \u0130tici ve Y\u0131rt\u0131lmaya Dayan\u0131kl\u0131<\/span><\/p>\n<p dir=\"ltr\" data-placeholder=\"\u00c7eviri\">&#8211; Ta\u015f tozu kullan\u0131larak yap\u0131lan Ta\u015f Ka\u011f\u0131t<\/p>\n<p dir=\"ltr\" data-placeholder=\"\u00c7eviri\">&#8211; Kesilen a\u011fa\u00e7 i\u00e7ermez<\/p>\n<p dir=\"ltr\" data-placeholder=\"\u00c7eviri\">&#8211; Agresif kimyasallar kullanmaz<\/p>\n<p dir=\"ltr\" data-placeholder=\"\u00c7eviri\">&#8211; Geri d\u00f6n\u00fc\u015ft\u00fcr\u00fclebilir<\/p>\n<p dir=\"ltr\" data-placeholder=\"\u00c7eviri\">&#8211; Su itici ve y\u0131rt\u0131lmaya kar\u015f\u0131 dayan\u0131kl\u0131<\/p>\n<p dir=\"ltr\" data-placeholder=\"\u00c7eviri\">&#8211; Azalt\u0131lm\u0131\u015f CO2 emisyonu<\/p>\n<p dir=\"ltr\" data-placeholder=\"\u00c7eviri\">&#8211; Azalt\u0131lm\u0131\u015f su kullan\u0131m\u0131<\/p>\n<p dir=\"ltr\" data-placeholder=\"\u00c7eviri\">&#8211; Boyutlar 130 x 210mm &#8211;\u00a0 140 x 210mm<\/p>","protected":false},"excerpt":{"rendered":"<p>Ta\u015f Ka\u011f\u0131t: Eko-S\u00fcrd\u00fcr\u00fclebilir, Su \u0130tici ve Y\u0131rt\u0131lmaya Dayan\u0131kl\u0131 &#8211; Ta\u015f tozu kullan\u0131larak yap\u0131lan Ta\u015f Ka\u011f\u0131t &#8211; Kesilen a\u011fa\u00e7 i\u00e7ermez &#8211; Agresif kimyasallar kullanmaz &#8211; Geri d\u00f6n\u00fc\u015ft\u00fcr\u00fclebilir &#8211; Su itici ve y\u0131rt\u0131lmaya kar\u015f\u0131 dayan\u0131kl\u0131 &#8211; Azalt\u0131lm\u0131\u015f CO2 emisyonu &#8211; Azalt\u0131lm\u0131\u015f su kullan\u0131m\u0131 &#8211; Boyutlar 130 x 210mm &#8211;\u00a0 140 x 210mm<\/p>\n","protected":false},"featured_media":5231,"comment_status":"open","ping_status":"closed","template":"","meta":[],"product_brand":[],"product_cat":[935,1359,243,1123],"product_tag":[305,1143,26,813,175,652,1449,1435,1455,1417,1454,1456,1427,308,309,311,1457,1162,1458,1448],"class_list":{"0":"post-5230","1":"product","2":"type-product","3":"status-publish","4":"has-post-thumbnail","6":"product_cat-essiz-urunler","7":"product_cat-geri-donusumlu-urunler","8":"product_cat-not-defteri","9":"product_cat-pininfarina","10":"product_tag-avrupa-not-defteri","11":"product_tag-ferrari-design","12":"product_tag-fuar-promosyon-urunleri","13":"product_tag-kaliteli-promosyon","14":"product_tag-kaliteli-promosyon-urunleri","15":"product_tag-kaliteli-promosyon-urunu","16":"product_tag-kule-tasarimi","17":"product_tag-made-in-italy","18":"product_tag-notdefteri","19":"product_tag-pininfarina","20":"product_tag-pininfarina-not-defteri","21":"product_tag-pininfarinanotebook","22":"product_tag-pininfarinasegno","23":"product_tag-promosyon-not-defteri","24":"product_tag-promotion-notebook","25":"product_tag-quality-notebook","26":"product_tag-tasarim-notdefteri","27":"product_tag-thecey","28":"product_tag-thecey-pininfarina","29":"product_tag-yerli-otomobil","31":"first","32":"instock","33":"shipping-taxable","34":"product-type-simple"},"_links":{"self":[{"href":"https:\/\/thecey.com\/en\/wp-json\/wp\/v2\/product\/5230\/"}],"collection":[{"href":"https:\/\/thecey.com\/en\/wp-json\/wp\/v2\/product\/"}],"about":[{"href":"https:\/\/thecey.com\/en\/wp-json\/wp\/v2\/types\/product\/"}],"replies":[{"embeddable":true,"href":"https:\/\/thecey.com\/en\/wp-json\/wp\/v2\/comments\/?post=5230"}],"wp:featuredmedia":[{"embeddable":true,"href":"https:\/\/thecey.com\/en\/wp-json\/wp\/v2\/media\/5231\/"}],"wp:attachment":[{"href":"https:\/\/thecey.com\/en\/wp-json\/wp\/v2\/media\/?parent=5230"}],"wp:term":[{"taxonomy":"product_brand","embeddable":true,"href":"https:\/\/thecey.com\/en\/wp-json\/wp\/v2\/product_brand\/?post=5230"},{"taxonomy":"product_cat","embeddable":true,"href":"https:\/\/thecey.com\/en\/wp-json\/wp\/v2\/product_cat\/?post=5230"},{"taxonomy":"product_tag","embeddable":true,"href":"https:\/\/thecey.com\/en\/wp-json\/wp\/v2\/product_tag\/?post=5230"}],"curies":[{"name":"wp","href":"https:\/\/api.w.org\/{rel}","templated":true}]}}