{"id":5215,"date":"2020-04-16T14:39:41","date_gmt":"2020-04-16T11:39:41","guid":{"rendered":"https:\/\/thecey.com\/?post_type=product&#038;p=5215"},"modified":"2023-01-12T12:49:48","modified_gmt":"2023-01-12T09:49:48","slug":"piuma","status":"publish","type":"product","link":"https:\/\/thecey.com\/en\/urunler\/piuma\/","title":{"rendered":"Pininfarina Piuma"},"content":{"rendered":"1500&#8217;lerin ba\u015f\u0131nda Leonardo, u\u00e7u\u015f ve u\u00e7an bir makine tasar\u0131m\u0131nda \u00e7al\u0131\u015fmalar d\u00fczenledi. 4 b\u00f6l\u00fcml\u00fck bir tez haz\u0131rlamay\u0131 d\u00fc\u015f\u00fcnd\u00fc.<br \/>\n\u00c7al\u0131\u015fma hi\u00e7bir zaman tamamlanmad\u0131, ancak 1505&#8217;in ba\u015f\u0131nda, u\u00e7u\u015fun s\u0131rr\u0131n\u0131 anlamak olan Turin&#8217;in Biblioteca Reale&#8217;de saklanan Ku\u015flar\u0131n U\u00e7u\u015fu \u00dczerine Kodeks&#8217;in bir b\u00f6l\u00fcm\u00fcn\u00fc yazd\u0131.<\/p>\n<p>Leonardo taraf\u0131ndan b\u0131rak\u0131lan bu metinler \u00fczerindeki yans\u0131malar, kaz t\u00fcy\u00fc \u015feklini ve u\u00e7u\u015f \u00e7al\u0131\u015fmalar\u0131n\u0131 hat\u0131rlatan dinamik bir \u015fekle sahip, tamamen ah\u015faptan yap\u0131lm\u0131\u015f bir yaz\u0131 arac\u0131 olan Piuma&#8217;n\u0131n yarat\u0131lmas\u0131na yol a\u00e7t\u0131.<\/p>\n<p>Piuma, ustan\u0131n ayna imzas\u0131n\u0131n yans\u0131t\u0131ld\u0131\u011f\u0131 aynal\u0131 \u00e7elik bir stand\u0131n \u00fczerinde dengede durur.<\/p>\n<p><strong>TEKN\u0130K \u00d6ZELL\u0130KLER <\/strong><\/p>\n<p>\u2022<strong> Ethergraf\u00ae<\/strong> u\u00e7<\/p>\n<p>\u2022 <strong>Uzunluk<\/strong> 15,5 cm<\/p>\n<p>\u2022 <strong>\u00c7ap<\/strong> 6 mm<\/p>\n<p>\u2022<strong> A\u011f\u0131rl\u0131k<\/strong> 57 gr<\/p>\n<p>\u2022 Armut Ah\u015fap G\u00f6vde<\/p>\n<p>\u2022 Paslanmaz \u00e7elik bodrum<\/p>\n<p>\u2022 Karton kutu<\/p>\n<p>\u2022 <strong>St\u00fcdyo Sostanza<\/strong> tasar\u0131m<\/p>\n<p>&nbsp;","protected":false},"excerpt":{"rendered":"<p>1500&#8217;lerin ba\u015f\u0131nda Leonardo, u\u00e7u\u015f ve u\u00e7an bir makine tasar\u0131m\u0131nda \u00e7al\u0131\u015fmalar d\u00fczenledi. 4 b\u00f6l\u00fcml\u00fck bir tez haz\u0131rlamay\u0131 d\u00fc\u015f\u00fcnd\u00fc. \u00c7al\u0131\u015fma hi\u00e7bir zaman tamamlanmad\u0131, ancak 1505&#8217;in ba\u015f\u0131nda, u\u00e7u\u015fun s\u0131rr\u0131n\u0131 anlamak olan Turin&#8217;in Biblioteca Reale&#8217;de saklanan Ku\u015flar\u0131n U\u00e7u\u015fu \u00dczerine Kodeks&#8217;in bir b\u00f6l\u00fcm\u00fcn\u00fc yazd\u0131. Leonardo taraf\u0131ndan b\u0131rak\u0131lan bu metinler \u00fczerindeki yans\u0131malar, kaz t\u00fcy\u00fc \u015feklini ve u\u00e7u\u015f \u00e7al\u0131\u015fmalar\u0131n\u0131 hat\u0131rlatan dinamik bir&#8230; Devam\u0131<\/p>\n","protected":false},"featured_media":5226,"comment_status":"open","ping_status":"closed","template":"","meta":[],"product_brand":[],"product_cat":[935,1123,221],"product_tag":[1443,1452,1453,1143,26,1447,1436,1433,1438,27,181,813,175,652,1449,1441,1442,1451,1435,1445,1417,1437,1425,1439,1427,1440,1450,779,1259,1446,1444,1162,1178,1448],"class_list":{"0":"post-5215","1":"product","2":"type-product","3":"status-publish","4":"has-post-thumbnail","6":"product_cat-essiz-urunler","7":"product_cat-pininfarina","8":"product_cat-standli-kalem","9":"product_tag-da-vinci","10":"product_tag-ethergraf","11":"product_tag-ethergraf-uc","12":"product_tag-ferrari-design","13":"product_tag-fuar-promosyon-urunleri","14":"product_tag-italya","15":"product_tag-italya-promosyon","16":"product_tag-italyapininfarina","17":"product_tag-kalem-pininfarina","18":"product_tag-kaliteli-baski","19":"product_tag-kaliteli-kalem","20":"product_tag-kaliteli-promosyon","21":"product_tag-kaliteli-promosyon-urunleri","22":"product_tag-kaliteli-promosyon-urunu","23":"product_tag-kule-tasarimi","24":"product_tag-leonardo","25":"product_tag-leonardo-da-vinci","26":"product_tag-leonardo-ucus","27":"product_tag-made-in-italy","28":"product_tag-ozel-kalem","29":"product_tag-pininfarina","30":"product_tag-pininfarina-kalem","31":"product_tag-pininfarinakalem","32":"product_tag-pininfarinapiuma","33":"product_tag-pininfarinasegno","34":"product_tag-piuma","35":"product_tag-piuma-kalem","36":"product_tag-promosyon","37":"product_tag-promosyonlar","38":"product_tag-tasarim-promosyon","39":"product_tag-tasarimkalem","40":"product_tag-thecey","41":"product_tag-ust-segment-kalem","42":"product_tag-yerli-otomobil","44":"first","45":"instock","46":"shipping-taxable","47":"product-type-simple"},"_links":{"self":[{"href":"https:\/\/thecey.com\/en\/wp-json\/wp\/v2\/product\/5215\/"}],"collection":[{"href":"https:\/\/thecey.com\/en\/wp-json\/wp\/v2\/product\/"}],"about":[{"href":"https:\/\/thecey.com\/en\/wp-json\/wp\/v2\/types\/product\/"}],"replies":[{"embeddable":true,"href":"https:\/\/thecey.com\/en\/wp-json\/wp\/v2\/comments\/?post=5215"}],"wp:featuredmedia":[{"embeddable":true,"href":"https:\/\/thecey.com\/en\/wp-json\/wp\/v2\/media\/5226\/"}],"wp:attachment":[{"href":"https:\/\/thecey.com\/en\/wp-json\/wp\/v2\/media\/?parent=5215"}],"wp:term":[{"taxonomy":"product_brand","embeddable":true,"href":"https:\/\/thecey.com\/en\/wp-json\/wp\/v2\/product_brand\/?post=5215"},{"taxonomy":"product_cat","embeddable":true,"href":"https:\/\/thecey.com\/en\/wp-json\/wp\/v2\/product_cat\/?post=5215"},{"taxonomy":"product_tag","embeddable":true,"href":"https:\/\/thecey.com\/en\/wp-json\/wp\/v2\/product_tag\/?post=5215"}],"curies":[{"name":"wp","href":"https:\/\/api.w.org\/{rel}","templated":true}]}}