{"id":5027,"date":"2020-02-26T17:15:30","date_gmt":"2020-02-26T14:15:30","guid":{"rendered":"https:\/\/thecey.com\/?post_type=product&#038;p=5027"},"modified":"2024-03-19T06:51:51","modified_gmt":"2024-03-19T03:51:51","slug":"anahtarlikli-sarj-kablosu","status":"publish","type":"product","link":"https:\/\/thecey.com\/en\/urunler\/anahtarlikli-sarj-kablosu\/","title":{"rendered":"Anahtarl\u0131kl\u0131 \u015earj Kablosu"},"content":{"rendered":"\u00c7ok \u00e7e\u015fitli metalik renklerde led \u0131\u015f\u0131kl\u0131 ve anahtarl\u0131kl\u0131 \u015farj kablosu.<\/p>\n<p>Hem IOS hem de Android (micro usb ve C-Type) telefonlarda kullan\u0131labilir.<\/p>\n<p>Lazer kaz\u0131ma ile yap\u0131lan logo k\u0131sm\u0131 kablo g\u00fc\u00e7 kayna\u011f\u0131na ba\u011fland\u0131\u011f\u0131nda led \u0131\u015f\u0131k verir.<\/p>\n<p><strong>Renkler:<\/strong><\/p>\n<ul>\n<li>Mavi<\/li>\n<li>Siyah<\/li>\n<li>G\u00fcm\u00fc\u015f<\/li>\n<li>K\u0131rm\u0131z\u0131<\/li>\n<li>Ye\u015fil<\/li>\n<\/ul>\n<p>&nbsp;","protected":false},"excerpt":{"rendered":"<p>Led I\u015f\u0131k, Anahtarl\u0131k ve \u015earj Kablosu 3&#8217;\u00fc 1 arada!<\/p>\n","protected":false},"featured_media":5030,"comment_status":"open","ping_status":"closed","template":"","meta":[],"product_brand":[],"product_cat":[252,161],"product_tag":[1388,26,27,175,652,1389,1005,1390,255,167,1229],"class_list":{"0":"post-5027","1":"product","2":"type-product","3":"status-publish","4":"has-post-thumbnail","6":"product_cat-anahtarlik","7":"product_cat-tekno-promo-urunler","8":"product_tag-anahtarlikli-sarj-kablosu","9":"product_tag-fuar-promosyon-urunleri","10":"product_tag-kaliteli-baski","11":"product_tag-kaliteli-promosyon-urunleri","12":"product_tag-kaliteli-promosyon-urunu","13":"product_tag-keyring-charger","14":"product_tag-led-isikli-sarj-kablosu","15":"product_tag-lightning","16":"product_tag-promosyon-anahtarlik","17":"product_tag-promosyon-sarj-kablosu","18":"product_tag-type-c","20":"first","21":"instock","22":"shipping-taxable","23":"product-type-simple"},"_links":{"self":[{"href":"https:\/\/thecey.com\/en\/wp-json\/wp\/v2\/product\/5027\/"}],"collection":[{"href":"https:\/\/thecey.com\/en\/wp-json\/wp\/v2\/product\/"}],"about":[{"href":"https:\/\/thecey.com\/en\/wp-json\/wp\/v2\/types\/product\/"}],"replies":[{"embeddable":true,"href":"https:\/\/thecey.com\/en\/wp-json\/wp\/v2\/comments\/?post=5027"}],"wp:featuredmedia":[{"embeddable":true,"href":"https:\/\/thecey.com\/en\/wp-json\/wp\/v2\/media\/5030\/"}],"wp:attachment":[{"href":"https:\/\/thecey.com\/en\/wp-json\/wp\/v2\/media\/?parent=5027"}],"wp:term":[{"taxonomy":"product_brand","embeddable":true,"href":"https:\/\/thecey.com\/en\/wp-json\/wp\/v2\/product_brand\/?post=5027"},{"taxonomy":"product_cat","embeddable":true,"href":"https:\/\/thecey.com\/en\/wp-json\/wp\/v2\/product_cat\/?post=5027"},{"taxonomy":"product_tag","embeddable":true,"href":"https:\/\/thecey.com\/en\/wp-json\/wp\/v2\/product_tag\/?post=5027"}],"curies":[{"name":"wp","href":"https:\/\/api.w.org\/{rel}","templated":true}]}}