{"id":5021,"date":"2020-02-26T16:39:21","date_gmt":"2020-02-26T13:39:21","guid":{"rendered":"https:\/\/thecey.com\/?post_type=product&#038;p=5021"},"modified":"2021-01-21T17:18:40","modified_gmt":"2021-01-21T14:18:40","slug":"metal-plaka","status":"publish","type":"product","link":"https:\/\/thecey.com\/en\/urunler\/metal-plaka\/","title":{"rendered":"METAL PLAKA"},"content":{"rendered":"\u00c7ok \u00e7e\u015fitli sportif kabartmal\u0131 tasar\u0131mlarla parlak g\u00fcm\u00fc\u015f kaplamal\u0131 paslanmaz \u00e7elik plaka.<\/p>\n<p>Siyah koruyucu k\u0131l\u0131fta sunulur.","protected":false},"excerpt":{"rendered":"<p>\u00c7ok \u00e7e\u015fitli sportif kabartmal\u0131 tasar\u0131mlarla parlak g\u00fcm\u00fc\u015f kaplamal\u0131 paslanmaz \u00e7elik plaka. Siyah koruyucu k\u0131l\u0131fta sunulur.<\/p>\n","protected":false},"featured_media":5022,"comment_status":"open","ping_status":"closed","template":"","meta":[],"product_brand":[],"product_cat":[935],"product_tag":[26,27,813,652,1387,1386],"class_list":{"0":"post-5021","1":"product","2":"type-product","3":"status-publish","4":"has-post-thumbnail","6":"product_cat-essiz-urunler","7":"product_tag-fuar-promosyon-urunleri","8":"product_tag-kaliteli-baski","9":"product_tag-kaliteli-promosyon","10":"product_tag-kaliteli-promosyon-urunu","11":"product_tag-kupali-metal-plaka","12":"product_tag-metal-palaka","14":"first","15":"instock","16":"shipping-taxable","17":"product-type-simple"},"_links":{"self":[{"href":"https:\/\/thecey.com\/en\/wp-json\/wp\/v2\/product\/5021\/"}],"collection":[{"href":"https:\/\/thecey.com\/en\/wp-json\/wp\/v2\/product\/"}],"about":[{"href":"https:\/\/thecey.com\/en\/wp-json\/wp\/v2\/types\/product\/"}],"replies":[{"embeddable":true,"href":"https:\/\/thecey.com\/en\/wp-json\/wp\/v2\/comments\/?post=5021"}],"wp:featuredmedia":[{"embeddable":true,"href":"https:\/\/thecey.com\/en\/wp-json\/wp\/v2\/media\/5022\/"}],"wp:attachment":[{"href":"https:\/\/thecey.com\/en\/wp-json\/wp\/v2\/media\/?parent=5021"}],"wp:term":[{"taxonomy":"product_brand","embeddable":true,"href":"https:\/\/thecey.com\/en\/wp-json\/wp\/v2\/product_brand\/?post=5021"},{"taxonomy":"product_cat","embeddable":true,"href":"https:\/\/thecey.com\/en\/wp-json\/wp\/v2\/product_cat\/?post=5021"},{"taxonomy":"product_tag","embeddable":true,"href":"https:\/\/thecey.com\/en\/wp-json\/wp\/v2\/product_tag\/?post=5021"}],"curies":[{"name":"wp","href":"https:\/\/api.w.org\/{rel}","templated":true}]}}