{"id":5012,"date":"2020-02-26T16:17:38","date_gmt":"2020-02-26T13:17:38","guid":{"rendered":"https:\/\/thecey.com\/?post_type=product&#038;p=5012"},"modified":"2021-01-21T17:22:50","modified_gmt":"2021-01-21T14:22:50","slug":"skor-anahtarlik","status":"publish","type":"product","link":"https:\/\/thecey.com\/en\/urunler\/skor-anahtarlik\/","title":{"rendered":"Skor Anahtarl\u0131k"},"content":{"rendered":"<p id=\"tw-target-text\" class=\"tw-data-text tw-text-large tw-ta\" dir=\"ltr\" data-placeholder=\"\u00c7eviri\"><span lang=\"tr\">Parlak g\u00fcm\u00fc\u015f kaplamal\u0131 metal anahtarl\u0131k, geni\u015f sportif bir tasar\u0131m yelpazesine sahiptir.<br \/>\n\u0130\u00e7inde kal\u0131p kesim ve kadife bulunan siyah bir kutuda sunulur.<\/span><\/p>","protected":false},"excerpt":{"rendered":"<p>Parlak g\u00fcm\u00fc\u015f kaplamal\u0131 metal anahtarl\u0131k, geni\u015f sportif bir tasar\u0131m yelpazesine sahiptir. \u0130\u00e7inde kal\u0131p kesim ve kadife bulunan siyah bir kutuda sunulur.<\/p>\n","protected":false},"featured_media":5013,"comment_status":"open","ping_status":"closed","template":"","meta":[],"product_brand":[],"product_cat":[252],"product_tag":[1383,587,26,1382,1385,254,27,813,652,356,779,255,1381,1384],"class_list":{"0":"post-5012","1":"product","2":"type-product","3":"status-publish","4":"has-post-thumbnail","6":"product_cat-anahtarlik","7":"product_tag-basketbol","8":"product_tag-baskili-anahtarlik","9":"product_tag-fuar-promosyon-urunleri","10":"product_tag-futbol","11":"product_tag-golf","12":"product_tag-kaliteli-anahtarlik","13":"product_tag-kaliteli-baski","14":"product_tag-kaliteli-promosyon","15":"product_tag-kaliteli-promosyon-urunu","16":"product_tag-metal-anahtarlik","17":"product_tag-promosyon","18":"product_tag-promosyon-anahtarlik","19":"product_tag-skor-anahtarlik","20":"product_tag-tenis","22":"first","23":"instock","24":"shipping-taxable","25":"product-type-simple"},"_links":{"self":[{"href":"https:\/\/thecey.com\/en\/wp-json\/wp\/v2\/product\/5012\/"}],"collection":[{"href":"https:\/\/thecey.com\/en\/wp-json\/wp\/v2\/product\/"}],"about":[{"href":"https:\/\/thecey.com\/en\/wp-json\/wp\/v2\/types\/product\/"}],"replies":[{"embeddable":true,"href":"https:\/\/thecey.com\/en\/wp-json\/wp\/v2\/comments\/?post=5012"}],"wp:featuredmedia":[{"embeddable":true,"href":"https:\/\/thecey.com\/en\/wp-json\/wp\/v2\/media\/5013\/"}],"wp:attachment":[{"href":"https:\/\/thecey.com\/en\/wp-json\/wp\/v2\/media\/?parent=5012"}],"wp:term":[{"taxonomy":"product_brand","embeddable":true,"href":"https:\/\/thecey.com\/en\/wp-json\/wp\/v2\/product_brand\/?post=5012"},{"taxonomy":"product_cat","embeddable":true,"href":"https:\/\/thecey.com\/en\/wp-json\/wp\/v2\/product_cat\/?post=5012"},{"taxonomy":"product_tag","embeddable":true,"href":"https:\/\/thecey.com\/en\/wp-json\/wp\/v2\/product_tag\/?post=5012"}],"curies":[{"name":"wp","href":"https:\/\/api.w.org\/{rel}","templated":true}]}}