{"id":4917,"date":"2020-01-30T17:52:55","date_gmt":"2020-01-30T14:52:55","guid":{"rendered":"https:\/\/thecey.com\/?post_type=product&#038;p=4917"},"modified":"2026-03-30T07:37:15","modified_gmt":"2026-03-30T04:37:15","slug":"geri-donusumlu-tisort","status":"publish","type":"product","link":"https:\/\/thecey.com\/en\/urunler\/geri-donusumlu-tisort\/","title":{"rendered":"GER\u0130 D\u00d6N\u00dc\u015e\u00dcML\u00dc T\u0130\u015e\u00d6RT"},"content":{"rendered":"S\u00fcrd\u00fcr\u00fclebilirlik promosyon i\u015f d\u00fcnyas\u0131nda da de\u011ferli bir trend. Thecey, resmi sertifikalara sahip geri d\u00f6n\u00fc\u015f\u00fcml\u00fc T-shirt \u00fcretimine ba\u015flad\u0131. K\u0131sa \u00fcretim se\u00e7enekleriyle daha \u00e7evre dostu olacaks\u0131n\u0131z!","protected":false},"excerpt":{"rendered":"<p>S\u00fcrd\u00fcr\u00fclebilirlik promosyon i\u015f d\u00fcnyas\u0131nda da de\u011ferli bir trend. Thecey, resmi sertifikalara sahip geri d\u00f6n\u00fc\u015f\u00fcml\u00fc T-shirt \u00fcretimine ba\u015flad\u0131. K\u0131sa \u00fcretim se\u00e7enekleriyle daha \u00e7evre dostu olacaks\u0131n\u0131z!<\/p>\n","protected":false},"featured_media":4918,"comment_status":"open","ping_status":"closed","template":"","meta":[],"product_brand":[],"product_cat":[1401,1374,653,822],"product_tag":[1370,26,1368,27,813,175,652,427,843,1075,1369,1367],"class_list":{"0":"post-4917","1":"product","2":"type-product","3":"status-publish","4":"has-post-thumbnail","6":"product_cat-eco-product","7":"product_cat-ekolojik-urunler","8":"product_cat-made-in-turkey","9":"product_cat-tekstil-urunleri","10":"product_tag-cevre-dostu-tisort","11":"product_tag-fuar-promosyon-urunleri","12":"product_tag-geri-donusumlu-tisort","13":"product_tag-kaliteli-baski","14":"product_tag-kaliteli-promosyon","15":"product_tag-kaliteli-promosyon-urunleri","16":"product_tag-kaliteli-promosyon-urunu","17":"product_tag-made-in-turkey","18":"product_tag-promosyon-tisort","19":"product_tag-promotional-t-shirt","20":"product_tag-recycled-t-shirt","21":"product_tag-tisort","23":"first","24":"instock","25":"shipping-taxable","26":"product-type-simple"},"_links":{"self":[{"href":"https:\/\/thecey.com\/en\/wp-json\/wp\/v2\/product\/4917\/"}],"collection":[{"href":"https:\/\/thecey.com\/en\/wp-json\/wp\/v2\/product\/"}],"about":[{"href":"https:\/\/thecey.com\/en\/wp-json\/wp\/v2\/types\/product\/"}],"replies":[{"embeddable":true,"href":"https:\/\/thecey.com\/en\/wp-json\/wp\/v2\/comments\/?post=4917"}],"wp:featuredmedia":[{"embeddable":true,"href":"https:\/\/thecey.com\/en\/wp-json\/wp\/v2\/media\/4918\/"}],"wp:attachment":[{"href":"https:\/\/thecey.com\/en\/wp-json\/wp\/v2\/media\/?parent=4917"}],"wp:term":[{"taxonomy":"product_brand","embeddable":true,"href":"https:\/\/thecey.com\/en\/wp-json\/wp\/v2\/product_brand\/?post=4917"},{"taxonomy":"product_cat","embeddable":true,"href":"https:\/\/thecey.com\/en\/wp-json\/wp\/v2\/product_cat\/?post=4917"},{"taxonomy":"product_tag","embeddable":true,"href":"https:\/\/thecey.com\/en\/wp-json\/wp\/v2\/product_tag\/?post=4917"}],"curies":[{"name":"wp","href":"https:\/\/api.w.org\/{rel}","templated":true}]}}