{"id":4779,"date":"2020-01-14T16:17:18","date_gmt":"2020-01-14T13:17:18","guid":{"rendered":"https:\/\/thecey.com\/?post_type=product&#038;p=4779"},"modified":"2021-01-21T17:41:32","modified_gmt":"2021-01-21T14:41:32","slug":"dynamix-recycling-transparan","status":"publish","type":"product","link":"https:\/\/thecey.com\/en\/urunler\/dynamix-recycling-transparan\/","title":{"rendered":"Dynamix Recycling-Transparan"},"content":{"rendered":"Mat y\u00fczeyli \u015feffaf plastik g\u00f6vdeli basmal\u0131 t\u00fckenmez kalem. Kalem *g\u00f6vdesi %73 (\u015feffaf) geri d\u00f6n\u00fc\u015ft\u00fcr\u00fclm\u00fc\u015f plastikten<br \/>\n\u00fcretilmektedir. Schneider 774 M refil i\u00e7erir. S\u0131f\u0131r karbon prensipleri do\u011frultusunda \u00fcretilmektedir.","protected":false},"excerpt":{"rendered":"<p>Mat y\u00fczeyli \u015feffaf plastik g\u00f6vdeli basmal\u0131 t\u00fckenmez kalem. Kalem *g\u00f6vdesi %73 (\u015feffaf) geri d\u00f6n\u00fc\u015ft\u00fcr\u00fclm\u00fc\u015f plastikten \u00fcretilmektedir. Schneider 774 M refil i\u00e7erir. S\u0131f\u0131r karbon prensipleri do\u011frultusunda \u00fcretilmektedir.<\/p>\n","protected":false},"featured_media":4780,"comment_status":"open","ping_status":"closed","template":"","meta":[],"product_brand":[],"product_cat":[1401,1374,116],"product_tag":[680,1264,1265,1266,1267,1285,1286,1287,1269,1248,1270,1271,1272,1276,855,1277,1278],"class_list":{"0":"post-4779","1":"product","2":"type-product","3":"status-publish","4":"has-post-thumbnail","6":"product_cat-eco-product","7":"product_cat-ekolojik-urunler","8":"product_cat-tukenmez-kalem","9":"product_tag-alman-kalemi","10":"product_tag-alman-promosyon","11":"product_tag-almanmarka","12":"product_tag-cevredostu","13":"product_tag-cevredostukalem","14":"product_tag-dynamix-recycling","15":"product_tag-dynamix-recyclingtukenmezkalem","16":"product_tag-dynamixrecyclingtransparan","17":"product_tag-kalitelikalem","18":"product_tag-kalitelipromosyon","19":"product_tag-kalitelirefil","20":"product_tag-schneider-distributoru","21":"product_tag-schneider-distributoru-cey","22":"product_tag-schneiderkalem","23":"product_tag-schneiderpromosyon","24":"product_tag-transparantukenmezkalem","25":"product_tag-uzunsurelirefil","27":"first","28":"instock","29":"shipping-taxable","30":"product-type-simple"},"_links":{"self":[{"href":"https:\/\/thecey.com\/en\/wp-json\/wp\/v2\/product\/4779\/"}],"collection":[{"href":"https:\/\/thecey.com\/en\/wp-json\/wp\/v2\/product\/"}],"about":[{"href":"https:\/\/thecey.com\/en\/wp-json\/wp\/v2\/types\/product\/"}],"replies":[{"embeddable":true,"href":"https:\/\/thecey.com\/en\/wp-json\/wp\/v2\/comments\/?post=4779"}],"wp:featuredmedia":[{"embeddable":true,"href":"https:\/\/thecey.com\/en\/wp-json\/wp\/v2\/media\/4780\/"}],"wp:attachment":[{"href":"https:\/\/thecey.com\/en\/wp-json\/wp\/v2\/media\/?parent=4779"}],"wp:term":[{"taxonomy":"product_brand","embeddable":true,"href":"https:\/\/thecey.com\/en\/wp-json\/wp\/v2\/product_brand\/?post=4779"},{"taxonomy":"product_cat","embeddable":true,"href":"https:\/\/thecey.com\/en\/wp-json\/wp\/v2\/product_cat\/?post=4779"},{"taxonomy":"product_tag","embeddable":true,"href":"https:\/\/thecey.com\/en\/wp-json\/wp\/v2\/product_tag\/?post=4779"}],"curies":[{"name":"wp","href":"https:\/\/api.w.org\/{rel}","templated":true}]}}