{"id":4774,"date":"2020-01-13T15:47:21","date_gmt":"2020-01-13T12:47:21","guid":{"rendered":"https:\/\/thecey.com\/?post_type=product&#038;p=4774"},"modified":"2021-01-21T17:41:46","modified_gmt":"2021-01-21T14:41:46","slug":"dynamix-prosoft-touch","status":"publish","type":"product","link":"https:\/\/thecey.com\/en\/urunler\/dynamix-prosoft-touch\/","title":{"rendered":"Dynamix Pro+Soft Touch"},"content":{"rendered":"\u015eeffaf ya da opak plastik g\u00f6vdeli basmal\u0131 t\u00fckenmez kalem. \u00dcst k\u0131sm\u0131 mat lakeli yumu\u015fak dokunu\u015flu y\u00fczeye sahiptir. Klipsi ve<br \/>\nucu y\u00fcksek kaliteli lakelidir. Schneider 774 M refil i\u00e7erir.","protected":false},"excerpt":{"rendered":"<p>\u015eeffaf ya da opak plastik g\u00f6vdeli basmal\u0131 t\u00fckenmez kalem. \u00dcst k\u0131sm\u0131 mat lakeli yumu\u015fak dokunu\u015flu y\u00fczeye sahiptir. Klipsi ve ucu y\u00fcksek kaliteli lakelidir. Schneider 774 M refil i\u00e7erir.<\/p>\n","protected":false},"featured_media":4775,"comment_status":"open","ping_status":"closed","template":"","meta":[],"product_brand":[],"product_cat":[116],"product_tag":[680,1264,1265,1266,1267,1281,1282,1269,1248,1270,1271,1272,1283,1276,855,1284,1278],"class_list":{"0":"post-4774","1":"product","2":"type-product","3":"status-publish","4":"has-post-thumbnail","6":"product_cat-tukenmez-kalem","7":"product_tag-alman-kalemi","8":"product_tag-alman-promosyon","9":"product_tag-almanmarka","10":"product_tag-cevredostu","11":"product_tag-cevredostukalem","12":"product_tag-dynamixprosofttouch","13":"product_tag-fuarpromosyon","14":"product_tag-kalitelikalem","15":"product_tag-kalitelipromosyon","16":"product_tag-kalitelirefil","17":"product_tag-schneider-distributoru","18":"product_tag-schneider-distributoru-cey","19":"product_tag-schneiderdynamix","20":"product_tag-schneiderkalem","21":"product_tag-schneiderpromosyon","22":"product_tag-softtouch","23":"product_tag-uzunsurelirefil","25":"first","26":"instock","27":"shipping-taxable","28":"product-type-simple"},"_links":{"self":[{"href":"https:\/\/thecey.com\/en\/wp-json\/wp\/v2\/product\/4774\/"}],"collection":[{"href":"https:\/\/thecey.com\/en\/wp-json\/wp\/v2\/product\/"}],"about":[{"href":"https:\/\/thecey.com\/en\/wp-json\/wp\/v2\/types\/product\/"}],"replies":[{"embeddable":true,"href":"https:\/\/thecey.com\/en\/wp-json\/wp\/v2\/comments\/?post=4774"}],"wp:featuredmedia":[{"embeddable":true,"href":"https:\/\/thecey.com\/en\/wp-json\/wp\/v2\/media\/4775\/"}],"wp:attachment":[{"href":"https:\/\/thecey.com\/en\/wp-json\/wp\/v2\/media\/?parent=4774"}],"wp:term":[{"taxonomy":"product_brand","embeddable":true,"href":"https:\/\/thecey.com\/en\/wp-json\/wp\/v2\/product_brand\/?post=4774"},{"taxonomy":"product_cat","embeddable":true,"href":"https:\/\/thecey.com\/en\/wp-json\/wp\/v2\/product_cat\/?post=4774"},{"taxonomy":"product_tag","embeddable":true,"href":"https:\/\/thecey.com\/en\/wp-json\/wp\/v2\/product_tag\/?post=4774"}],"curies":[{"name":"wp","href":"https:\/\/api.w.org\/{rel}","templated":true}]}}