{"id":4771,"date":"2020-01-13T15:43:22","date_gmt":"2020-01-13T12:43:22","guid":{"rendered":"https:\/\/thecey.com\/?post_type=product&#038;p=4771"},"modified":"2021-01-20T16:23:07","modified_gmt":"2021-01-20T13:23:07","slug":"evo-recycling","status":"publish","type":"product","link":"https:\/\/thecey.com\/en\/urunler\/evo-recycling\/","title":{"rendered":"Evo Recycling"},"content":{"rendered":"Parlak y\u00fczeyli, opak plastik g\u00f6vdeli basmal\u0131 t\u00fckenmez kalem. Kalem *g\u00f6vdesi %90 geri d\u00f6n\u00fc\u015ft\u00fcr\u00fclm\u00fc\u015f plastikten<br \/>\n\u00fcretilmektedir. Metal klips ve basma d\u00fc\u011fmesi. Schneider 774 M refil i\u00e7erir.","protected":false},"excerpt":{"rendered":"<p>Parlak y\u00fczeyli, opak plastik g\u00f6vdeli basmal\u0131 t\u00fckenmez kalem. Kalem *g\u00f6vdesi %90 geri d\u00f6n\u00fc\u015ft\u00fcr\u00fclm\u00fc\u015f plastikten \u00fcretilmektedir. Metal klips ve basma d\u00fc\u011fmesi. Schneider 774 M refil i\u00e7erir.<\/p>\n","protected":false},"featured_media":4772,"comment_status":"open","ping_status":"closed","template":"","meta":[],"product_brand":[],"product_cat":[1401,1374,116],"product_tag":[680,1264,1265,1266,1267,1279,1269,1248,1270,1271,1272,1273,1280,1276,855,1278],"class_list":{"0":"post-4771","1":"product","2":"type-product","3":"status-publish","4":"has-post-thumbnail","6":"product_cat-eco-product","7":"product_cat-ekolojik-urunler","8":"product_cat-tukenmez-kalem","9":"product_tag-alman-kalemi","10":"product_tag-alman-promosyon","11":"product_tag-almanmarka","12":"product_tag-cevredostu","13":"product_tag-cevredostukalem","14":"product_tag-evorecycling","15":"product_tag-kalitelikalem","16":"product_tag-kalitelipromosyon","17":"product_tag-kalitelirefil","18":"product_tag-schneider-distributoru","19":"product_tag-schneider-distributoru-cey","20":"product_tag-schneiderevo","21":"product_tag-schneiderevorecycling","22":"product_tag-schneiderkalem","23":"product_tag-schneiderpromosyon","24":"product_tag-uzunsurelirefil","26":"first","27":"instock","28":"shipping-taxable","29":"product-type-simple"},"_links":{"self":[{"href":"https:\/\/thecey.com\/en\/wp-json\/wp\/v2\/product\/4771\/"}],"collection":[{"href":"https:\/\/thecey.com\/en\/wp-json\/wp\/v2\/product\/"}],"about":[{"href":"https:\/\/thecey.com\/en\/wp-json\/wp\/v2\/types\/product\/"}],"replies":[{"embeddable":true,"href":"https:\/\/thecey.com\/en\/wp-json\/wp\/v2\/comments\/?post=4771"}],"wp:featuredmedia":[{"embeddable":true,"href":"https:\/\/thecey.com\/en\/wp-json\/wp\/v2\/media\/4772\/"}],"wp:attachment":[{"href":"https:\/\/thecey.com\/en\/wp-json\/wp\/v2\/media\/?parent=4771"}],"wp:term":[{"taxonomy":"product_brand","embeddable":true,"href":"https:\/\/thecey.com\/en\/wp-json\/wp\/v2\/product_brand\/?post=4771"},{"taxonomy":"product_cat","embeddable":true,"href":"https:\/\/thecey.com\/en\/wp-json\/wp\/v2\/product_cat\/?post=4771"},{"taxonomy":"product_tag","embeddable":true,"href":"https:\/\/thecey.com\/en\/wp-json\/wp\/v2\/product_tag\/?post=4771"}],"curies":[{"name":"wp","href":"https:\/\/api.w.org\/{rel}","templated":true}]}}