{"id":4431,"date":"2019-10-10T15:41:49","date_gmt":"2019-10-10T12:41:49","guid":{"rendered":"https:\/\/thecey.com\/?post_type=product&#038;p=4431"},"modified":"2023-08-10T17:06:04","modified_gmt":"2023-08-10T14:06:04","slug":"cuban","status":"publish","type":"product","link":"https:\/\/thecey.com\/en\/urunler\/cuban\/","title":{"rendered":"Pininfarina Cuban"},"content":{"rendered":"<p>2019 Leonardo Da Vinci\u2019nin 500.y\u0131l\u0131nda \u0130talyan Pininfarina Tasar\u0131m \u00fcr\u00fcnleri farkl\u0131 bir anlam kazan\u0131yor. Bir\u00e7ok bilinen otomobil ve yat markas\u0131n\u0131n tasar\u0131mlar\u0131n\u0131n yan\u0131s\u0131ra \u0130stanbul Yeni Havaliman\u0131n kule tasar\u0131m\u0131n\u0131 yapan Pininfarina Tasar\u0131m yaz\u0131 gere\u00e7lerinde de farkl\u0131 \u00fcr\u00fcnleri sunuyor. Farkl\u0131 ve tek hediye arayanlar i\u00e7in e\u015fsiz bir opsiyon.<\/p>\n<p>Malzeme: ak\u00e7aa\u011fa\u00e7, sedir a\u011fac\u0131<\/p>\n<p>\u00d6l\u00e7\u00fc: 100 mm &#8211; 20 mm<\/p>\n<p>A\u011f\u0131rl\u0131k: 29 gr<\/p>\n","protected":false},"excerpt":{"rendered":"<p>Leonardo Da Vincinin patentli ETHERGRAF\u00ae\ufe0fsistemiyle \u00f6zel metal u\u00e7 ka\u011f\u0131t ile bir araya geldi\u011finde \u00f6zel oksidasyonla yaz\u0131 ortaya \u00e7\u0131k\u0131yor. B\u00f6ylece \u00f6m\u00fcr boyunca kullan\u0131labilen bir yaz\u0131 gereci olu\u015ftu. B\u00f6ylece yan etkisi olmayan m\u00fcrekkepsiz ve sa\u011fl\u0131kl\u0131 bir se\u00e7enek sizinle! Bu \u00fcr\u00fcn\u00fcn t\u00fckenmez kalem versiyonu da var.<\/p>\n<p>E\u015fsiz ,farkl\u0131 ve kaliteli bu hediyeyi \u00f6zel lazer kaz\u0131ma ile size sunuyoruz.<\/p>\n","protected":false},"featured_media":4438,"comment_status":"open","ping_status":"closed","template":"","meta":[],"product_brand":[],"product_cat":[935,1123,2278],"product_tag":[1183,1184,684,1182,1139,1136,1185,1177],"class_list":{"0":"post-4431","1":"product","2":"type-product","3":"status-publish","4":"has-post-thumbnail","6":"product_cat-essiz-urunler","7":"product_cat-pininfarina","8":"product_cat-pininfarina-stok-urunler","9":"product_tag-kaliteli-hediye","10":"product_tag-kaliteli-hediye-kalem","11":"product_tag-kaliteli-promosyon-kalem","12":"product_tag-pininfarina-cuban","13":"product_tag-pininfarina-design","14":"product_tag-pininfarina-tasarim","15":"product_tag-vip-baskili-kalem","16":"product_tag-vip-kalem","18":"first","19":"instock","20":"shipping-taxable","21":"product-type-simple"},"_links":{"self":[{"href":"https:\/\/thecey.com\/en\/wp-json\/wp\/v2\/product\/4431\/"}],"collection":[{"href":"https:\/\/thecey.com\/en\/wp-json\/wp\/v2\/product\/"}],"about":[{"href":"https:\/\/thecey.com\/en\/wp-json\/wp\/v2\/types\/product\/"}],"replies":[{"embeddable":true,"href":"https:\/\/thecey.com\/en\/wp-json\/wp\/v2\/comments\/?post=4431"}],"wp:featuredmedia":[{"embeddable":true,"href":"https:\/\/thecey.com\/en\/wp-json\/wp\/v2\/media\/4438\/"}],"wp:attachment":[{"href":"https:\/\/thecey.com\/en\/wp-json\/wp\/v2\/media\/?parent=4431"}],"wp:term":[{"taxonomy":"product_brand","embeddable":true,"href":"https:\/\/thecey.com\/en\/wp-json\/wp\/v2\/product_brand\/?post=4431"},{"taxonomy":"product_cat","embeddable":true,"href":"https:\/\/thecey.com\/en\/wp-json\/wp\/v2\/product_cat\/?post=4431"},{"taxonomy":"product_tag","embeddable":true,"href":"https:\/\/thecey.com\/en\/wp-json\/wp\/v2\/product_tag\/?post=4431"}],"curies":[{"name":"wp","href":"https:\/\/api.w.org\/{rel}","templated":true}]}}