{"id":4084,"date":"2019-07-13T21:38:23","date_gmt":"2019-07-13T18:38:23","guid":{"rendered":"https:\/\/thecey.com\/?post_type=product&#038;p=4084"},"modified":"2021-01-22T16:07:28","modified_gmt":"2021-01-22T13:07:28","slug":"thecey-duble-anahtarlik","status":"publish","type":"product","link":"https:\/\/thecey.com\/en\/urunler\/thecey-duble-anahtarlik\/","title":{"rendered":"THECEY &#8211; DUBLE ANAHTARLIK"},"content":{"rendered":"","protected":false},"excerpt":{"rendered":"<p>Yen\u0130: \u00dcst segment \u00e7ift renkli suni deri anahtarl\u0131\u011f\u0131m\u0131z\u0131 tam renkli bask\u0131 ile promosyonda farkl\u0131 anahtarl\u0131k arayanlar i\u00e7in ideal! Hem de \u00e7ok hesapl\u0131.<\/p>\n","protected":false},"featured_media":4085,"comment_status":"open","ping_status":"closed","template":"","meta":[],"product_brand":[],"product_cat":[252,440,653,304],"product_tag":[911,1134,718,1129,1133,255,1132,1135],"class_list":{"0":"post-4084","1":"product","2":"type-product","3":"status-publish","4":"has-post-thumbnail","6":"product_cat-anahtarlik","7":"product_cat-deri-urunler","8":"product_cat-made-in-turkey","9":"product_cat-thecey","10":"product_tag-baskili-deri-anahtarlik","11":"product_tag-colored-keyring","12":"product_tag-deri-anahtarlik","13":"product_tag-farkli-anahtarlik","14":"product_tag-promo-keyring","15":"product_tag-promosyon-anahtarlik","16":"product_tag-pu-keyring","17":"product_tag-renkli-anahtarlik","19":"first","20":"instock","21":"shipping-taxable","22":"product-type-simple"},"_links":{"self":[{"href":"https:\/\/thecey.com\/en\/wp-json\/wp\/v2\/product\/4084\/"}],"collection":[{"href":"https:\/\/thecey.com\/en\/wp-json\/wp\/v2\/product\/"}],"about":[{"href":"https:\/\/thecey.com\/en\/wp-json\/wp\/v2\/types\/product\/"}],"replies":[{"embeddable":true,"href":"https:\/\/thecey.com\/en\/wp-json\/wp\/v2\/comments\/?post=4084"}],"wp:featuredmedia":[{"embeddable":true,"href":"https:\/\/thecey.com\/en\/wp-json\/wp\/v2\/media\/4085\/"}],"wp:attachment":[{"href":"https:\/\/thecey.com\/en\/wp-json\/wp\/v2\/media\/?parent=4084"}],"wp:term":[{"taxonomy":"product_brand","embeddable":true,"href":"https:\/\/thecey.com\/en\/wp-json\/wp\/v2\/product_brand\/?post=4084"},{"taxonomy":"product_cat","embeddable":true,"href":"https:\/\/thecey.com\/en\/wp-json\/wp\/v2\/product_cat\/?post=4084"},{"taxonomy":"product_tag","embeddable":true,"href":"https:\/\/thecey.com\/en\/wp-json\/wp\/v2\/product_tag\/?post=4084"}],"curies":[{"name":"wp","href":"https:\/\/api.w.org\/{rel}","templated":true}]}}