{"id":4063,"date":"2019-07-05T15:46:41","date_gmt":"2019-07-05T12:46:41","guid":{"rendered":"https:\/\/thecey.com\/?post_type=product&#038;p=4063"},"modified":"2021-01-22T16:08:18","modified_gmt":"2021-01-22T13:08:18","slug":"sekilli-suni-deri-anahtarlik","status":"publish","type":"product","link":"https:\/\/thecey.com\/en\/urunler\/sekilli-suni-deri-anahtarlik\/","title":{"rendered":"\u015eEK\u0130LL\u0130 SUN\u0130 DER\u0130 ANAHTARLIK"},"content":{"rendered":"Suni deri anahtarl\u0131klar istenilen \u015fekle g\u00f6re \u015f\u0131k uv bask\u0131 \u00f6zelle\u015ftirilerek \u00fcretilir.<\/p>\n<p>Bu kaliteli ve uygun fiyatl\u0131 promosyon \u00fcr\u00fcn\u00fc tam anlam\u0131yla markan\u0131z\u0131 yans\u0131tacak.","protected":false},"excerpt":{"rendered":"<p>Suni deri anahtarl\u0131klar istenilen \u015fekle g\u00f6re \u015f\u0131k uv bask\u0131 \u00f6zelle\u015ftirilerek \u00fcretilir. Bu kaliteli ve uygun fiyatl\u0131 promosyon \u00fcr\u00fcn\u00fc tam anlam\u0131yla markan\u0131z\u0131 yans\u0131tacak.<\/p>\n","protected":false},"featured_media":4071,"comment_status":"open","ping_status":"closed","template":"","meta":[],"product_brand":[],"product_cat":[252,440,653,304],"product_tag":[587,718,910,262,1127],"class_list":{"0":"post-4063","1":"product","2":"type-product","3":"status-publish","4":"has-post-thumbnail","6":"product_cat-anahtarlik","7":"product_cat-deri-urunler","8":"product_cat-made-in-turkey","9":"product_cat-thecey","10":"product_tag-baskili-anahtarlik","11":"product_tag-deri-anahtarlik","12":"product_tag-promosyon-deri-anahtarlik","13":"product_tag-sekilli-anahtarlik","14":"product_tag-sekilli-deri-anahtarlik","16":"first","17":"instock","18":"shipping-taxable","19":"product-type-simple"},"_links":{"self":[{"href":"https:\/\/thecey.com\/en\/wp-json\/wp\/v2\/product\/4063\/"}],"collection":[{"href":"https:\/\/thecey.com\/en\/wp-json\/wp\/v2\/product\/"}],"about":[{"href":"https:\/\/thecey.com\/en\/wp-json\/wp\/v2\/types\/product\/"}],"replies":[{"embeddable":true,"href":"https:\/\/thecey.com\/en\/wp-json\/wp\/v2\/comments\/?post=4063"}],"wp:featuredmedia":[{"embeddable":true,"href":"https:\/\/thecey.com\/en\/wp-json\/wp\/v2\/media\/4071\/"}],"wp:attachment":[{"href":"https:\/\/thecey.com\/en\/wp-json\/wp\/v2\/media\/?parent=4063"}],"wp:term":[{"taxonomy":"product_brand","embeddable":true,"href":"https:\/\/thecey.com\/en\/wp-json\/wp\/v2\/product_brand\/?post=4063"},{"taxonomy":"product_cat","embeddable":true,"href":"https:\/\/thecey.com\/en\/wp-json\/wp\/v2\/product_cat\/?post=4063"},{"taxonomy":"product_tag","embeddable":true,"href":"https:\/\/thecey.com\/en\/wp-json\/wp\/v2\/product_tag\/?post=4063"}],"curies":[{"name":"wp","href":"https:\/\/api.w.org\/{rel}","templated":true}]}}