{"id":4051,"date":"2019-07-05T12:34:02","date_gmt":"2019-07-05T09:34:02","guid":{"rendered":"https:\/\/thecey.com\/?post_type=product&#038;p=4051"},"modified":"2023-06-20T11:24:05","modified_gmt":"2023-06-20T08:24:05","slug":"sekilli-kamera-kapatici","status":"publish","type":"product","link":"https:\/\/thecey.com\/en\/urunler\/sekilli-kamera-kapatici\/","title":{"rendered":"\u015eEK\u0130LL\u0130 KAMERA KAPATICI"},"content":{"rendered":"Laptop, bilgisayar veya tabletleriniz i\u00e7in ideal promosyon \u00fcr\u00fcn\u00fc, \u015fimdi \u00f6zel \u015fekilli olarak mevcut.<\/p>\n<p>&nbsp;<\/p>\n<p>Renk: siyah, beyaz<\/p>\n<p>\u00d6l\u00e7\u00fc: yuvarlak: max. 40 mm<\/p>\n<p>Bask\u0131 uv bask\u0131<\/p>\n<p>Paketleme: \u00f6zelle\u015ftirilebilir kart ile birlikte tekli po\u015fetli teslim edilir.","protected":false},"excerpt":{"rendered":"<p>Laptop, bilgisayar veya tabletleriniz i\u00e7in ideal promosyon \u00fcr\u00fcn\u00fc, \u015fimdi \u00f6zel \u015fekilli olarak mevcut. &nbsp; Renk: siyah, beyaz \u00d6l\u00e7\u00fc: yuvarlak: max. 40 mm Bask\u0131 uv bask\u0131 Paketleme: \u00f6zelle\u015ftirilebilir kart ile birlikte tekli po\u015fetli teslim edilir.<\/p>\n","protected":false},"featured_media":4056,"comment_status":"open","ping_status":"closed","template":"","meta":[],"product_brand":[],"product_cat":[247],"product_tag":[1008,1009,1126,1125,1010,1124,1011,1121,573],"class_list":{"0":"post-4051","1":"product","2":"type-product","3":"status-publish","4":"has-post-thumbnail","6":"product_cat-mobil-urunleri","7":"product_tag-baskili-kamera-kapagi","8":"product_tag-baskili-kamera-kapatici","9":"product_tag-ozel-kesim-kamera-kapatici","10":"product_tag-ozel-sekilli-kamera-kapatici","11":"product_tag-promosyon-kamera-kapatici","12":"product_tag-sekilli-kamera-kapatici","13":"product_tag-surgulu-kamera-kapatici","14":"product_tag-web-kamera-kapatici","15":"product_tag-web-kamerasi-kapagi","17":"first","18":"instock","19":"shipping-taxable","20":"product-type-simple"},"_links":{"self":[{"href":"https:\/\/thecey.com\/en\/wp-json\/wp\/v2\/product\/4051\/"}],"collection":[{"href":"https:\/\/thecey.com\/en\/wp-json\/wp\/v2\/product\/"}],"about":[{"href":"https:\/\/thecey.com\/en\/wp-json\/wp\/v2\/types\/product\/"}],"replies":[{"embeddable":true,"href":"https:\/\/thecey.com\/en\/wp-json\/wp\/v2\/comments\/?post=4051"}],"wp:featuredmedia":[{"embeddable":true,"href":"https:\/\/thecey.com\/en\/wp-json\/wp\/v2\/media\/4056\/"}],"wp:attachment":[{"href":"https:\/\/thecey.com\/en\/wp-json\/wp\/v2\/media\/?parent=4051"}],"wp:term":[{"taxonomy":"product_brand","embeddable":true,"href":"https:\/\/thecey.com\/en\/wp-json\/wp\/v2\/product_brand\/?post=4051"},{"taxonomy":"product_cat","embeddable":true,"href":"https:\/\/thecey.com\/en\/wp-json\/wp\/v2\/product_cat\/?post=4051"},{"taxonomy":"product_tag","embeddable":true,"href":"https:\/\/thecey.com\/en\/wp-json\/wp\/v2\/product_tag\/?post=4051"}],"curies":[{"name":"wp","href":"https:\/\/api.w.org\/{rel}","templated":true}]}}