{"id":3833,"date":"2019-04-18T10:59:02","date_gmt":"2019-04-18T07:59:02","guid":{"rendered":"https:\/\/thecey.com\/?post_type=product&#038;p=3833"},"modified":"2021-01-22T16:14:08","modified_gmt":"2021-01-22T13:14:08","slug":"baskili-plaj-cantasi","status":"publish","type":"product","link":"https:\/\/thecey.com\/en\/urunler\/baskili-plaj-cantasi\/","title":{"rendered":"BASKILI PLAJ \u00c7ANTASI"},"content":{"rendered":"Farkl\u0131 tasar\u0131m ve bask\u0131 se\u00e7enekleri ile \u015f\u0131k bir plaj \u00e7antas\u0131na sahip olabilirsiniz. Yaz\u0131n vazge\u00e7ilmez \u00f6gelerinden plaj \u00e7antalar\u0131 ile logonuz g\u00f6z \u00f6n\u00fcnde olsun!","protected":false},"excerpt":{"rendered":"<p>Farkl\u0131 tasar\u0131m ve bask\u0131 se\u00e7enekleri ile \u015f\u0131k bir plaj \u00e7antas\u0131na sahip olabilirsiniz. Yaz\u0131n vazge\u00e7ilmez \u00f6gelerinden plaj \u00e7antalar\u0131 ile logonuz g\u00f6z \u00f6n\u00fcnde olsun!<\/p>\n","protected":false},"featured_media":3840,"comment_status":"open","ping_status":"closed","template":"","meta":[],"product_brand":[],"product_cat":[424,653,917,304],"product_tag":[1056,1102,1104,859,959,960,1101,1106,1105,860,969,958,1103],"class_list":{"0":"post-3833","1":"product","2":"type-product","3":"status-publish","4":"has-post-thumbnail","6":"product_cat-ihrac-urunleri","7":"product_cat-made-in-turkey","8":"product_cat-promo-canta","9":"product_cat-thecey","10":"product_tag-baskili-canta","11":"product_tag-baskili-plaj-cantasi","12":"product_tag-beach-bag","13":"product_tag-bez-canta","14":"product_tag-degisik-canta","15":"product_tag-kaliteli-canta","16":"product_tag-plaj-cantasi","17":"product_tag-printed-bag","18":"product_tag-printed-beach-bag","19":"product_tag-promosyon-canta","20":"product_tag-promosyon-canta-teslimi","21":"product_tag-promosyon-farkli-canta","22":"product_tag-promosyon-plaj-cantasi","24":"first","25":"instock","26":"shipping-taxable","27":"product-type-simple"},"_links":{"self":[{"href":"https:\/\/thecey.com\/en\/wp-json\/wp\/v2\/product\/3833\/"}],"collection":[{"href":"https:\/\/thecey.com\/en\/wp-json\/wp\/v2\/product\/"}],"about":[{"href":"https:\/\/thecey.com\/en\/wp-json\/wp\/v2\/types\/product\/"}],"replies":[{"embeddable":true,"href":"https:\/\/thecey.com\/en\/wp-json\/wp\/v2\/comments\/?post=3833"}],"wp:featuredmedia":[{"embeddable":true,"href":"https:\/\/thecey.com\/en\/wp-json\/wp\/v2\/media\/3840\/"}],"wp:attachment":[{"href":"https:\/\/thecey.com\/en\/wp-json\/wp\/v2\/media\/?parent=3833"}],"wp:term":[{"taxonomy":"product_brand","embeddable":true,"href":"https:\/\/thecey.com\/en\/wp-json\/wp\/v2\/product_brand\/?post=3833"},{"taxonomy":"product_cat","embeddable":true,"href":"https:\/\/thecey.com\/en\/wp-json\/wp\/v2\/product_cat\/?post=3833"},{"taxonomy":"product_tag","embeddable":true,"href":"https:\/\/thecey.com\/en\/wp-json\/wp\/v2\/product_tag\/?post=3833"}],"curies":[{"name":"wp","href":"https:\/\/api.w.org\/{rel}","templated":true}]}}