{"id":3703,"date":"2019-02-27T23:45:30","date_gmt":"2019-02-27T20:45:30","guid":{"rendered":"https:\/\/thecey.com\/?post_type=product&#038;p=3703"},"modified":"2021-01-22T16:58:56","modified_gmt":"2021-01-22T13:58:56","slug":"baskili-onluk","status":"publish","type":"product","link":"https:\/\/thecey.com\/en\/urunler\/baskili-onluk\/","title":{"rendered":"Bask\u0131l\u0131 \u00d6nl\u00fck"},"content":{"rendered":"","protected":false},"excerpt":{"rendered":"<p>Her versiyon bask\u0131l\u0131 \u00f6nl\u00fckleri \u00fcretebiliyoruz. Tasarlay\u0131p, \u00fcretiyoruz ve teslim ediyoruz.<\/p>\n","protected":false},"featured_media":3708,"comment_status":"open","ping_status":"closed","template":"","meta":[],"product_brand":[],"product_cat":[424,653,822,304],"product_tag":[1071,1072,1070,1073],"class_list":{"0":"post-3703","1":"product","2":"type-product","3":"status-publish","4":"has-post-thumbnail","6":"product_cat-ihrac-urunleri","7":"product_cat-made-in-turkey","8":"product_cat-tekstil-urunleri","9":"product_cat-thecey","10":"product_tag-baskili-onluk","11":"product_tag-printed-apron","12":"product_tag-promosyon-onluk","13":"product_tag-promotional-apron","15":"first","16":"instock","17":"shipping-taxable","18":"product-type-simple"},"_links":{"self":[{"href":"https:\/\/thecey.com\/en\/wp-json\/wp\/v2\/product\/3703\/"}],"collection":[{"href":"https:\/\/thecey.com\/en\/wp-json\/wp\/v2\/product\/"}],"about":[{"href":"https:\/\/thecey.com\/en\/wp-json\/wp\/v2\/types\/product\/"}],"replies":[{"embeddable":true,"href":"https:\/\/thecey.com\/en\/wp-json\/wp\/v2\/comments\/?post=3703"}],"wp:featuredmedia":[{"embeddable":true,"href":"https:\/\/thecey.com\/en\/wp-json\/wp\/v2\/media\/3708\/"}],"wp:attachment":[{"href":"https:\/\/thecey.com\/en\/wp-json\/wp\/v2\/media\/?parent=3703"}],"wp:term":[{"taxonomy":"product_brand","embeddable":true,"href":"https:\/\/thecey.com\/en\/wp-json\/wp\/v2\/product_brand\/?post=3703"},{"taxonomy":"product_cat","embeddable":true,"href":"https:\/\/thecey.com\/en\/wp-json\/wp\/v2\/product_cat\/?post=3703"},{"taxonomy":"product_tag","embeddable":true,"href":"https:\/\/thecey.com\/en\/wp-json\/wp\/v2\/product_tag\/?post=3703"}],"curies":[{"name":"wp","href":"https:\/\/api.w.org\/{rel}","templated":true}]}}