{"id":36824,"date":"2026-03-27T12:55:49","date_gmt":"2026-03-27T09:55:49","guid":{"rendered":"https:\/\/thecey.com\/urunler\/urun-2\/"},"modified":"2026-03-27T12:57:25","modified_gmt":"2026-03-27T09:57:25","slug":"urun-2","status":"publish","type":"product","link":"https:\/\/thecey.com\/en\/urunler\/urun-2\/","title":{"rendered":"\u00dcr\u00fcn"},"content":{"rendered":"<p>Promosyon Mini Kart USB Bellek, k\u00fc\u00e7\u00fck boyutu ve 2 mm inceli\u011fe sahip olmas\u0131, c\u00fczdan\u0131n\u0131zda veya anahtarl\u0131\u011f\u0131n\u0131zda kolayl\u0131kla ta\u015f\u0131nabilmesine imkan tan\u0131r. Kartvizit veya kimlik boyutundan biraz daha k\u00fc\u00e7\u00fck olmas\u0131, kullan\u0131m\u0131 pratikle\u015ftirir ve i\u015flevselli\u011fi art\u0131r\u0131r.<\/p>\n<p>Geni\u015f ve dikd\u00f6rtgen bask\u0131 alan\u0131 sayesinde tam renkli bask\u0131larla tasar\u0131m\u0131n\u0131z\u0131 \u00f6zg\u00fcrce yans\u0131tabilirsiniz. \u00dcr\u00fcn, \u00e7ift taraf bask\u0131 yapabilme \u00f6zelli\u011fiyle mesajlar\u0131n\u0131z\u0131 daha etkileyici bir \u015fekilde iletebilmenizi sa\u011flar.<\/p>\n<p>Kapasite konusunda da esneklik sunan Kart USB Bellek, 8 GB&#8217;dan 128 GB&#8217;a kadar farkl\u0131 depolama se\u00e7enekleriyle kullan\u0131c\u0131lar\u0131n ihtiya\u00e7lar\u0131na cevap verir. Hareketli ve gizli usb bellek \u00f6zelli\u011fi sayesinde verilerinizi g\u00fcvenle saklayabilir, istedi\u011finiz zaman kolayca \u00e7\u0131kararak kullanabilirsiniz.<\/p>\n<p>E\u011fer tasar\u0131m\u0131n\u0131z daha sade ve minimalist bir yap\u0131ya sahipse, Mini Kart USB Bellek sizin i\u00e7in ideal bir se\u00e7enek olacakt\u0131r. Markan\u0131z\u0131 ve mesajlar\u0131n\u0131z\u0131 g\u00fc\u00e7l\u00fc bir \u015fekilde iletmek i\u00e7in Kart USB Bellek&#8217;i tercih edin ve promosyon etkinliklerinizde fark yarat\u0131n.<\/p>\n","protected":false},"excerpt":{"rendered":"<p>Promosyon Mini Kart USB Bellek, k\u00fc\u00e7\u00fck boyutu ve 2 mm inceli\u011fe sahip olmas\u0131, c\u00fczdan\u0131n\u0131zda veya anahtarl\u0131\u011f\u0131n\u0131zda kolayl\u0131kla ta\u015f\u0131nabilmesine imkan tan\u0131r. Kartvizit veya kimlik boyutundan biraz daha k\u00fc\u00e7\u00fck olmas\u0131, kullan\u0131m\u0131 pratikle\u015ftirir ve i\u015flevselli\u011fi art\u0131r\u0131r. Geni\u015f ve dikd\u00f6rtgen bask\u0131 alan\u0131 sayesinde tam renkli bask\u0131larla tasar\u0131m\u0131n\u0131z\u0131 \u00f6zg\u00fcrce yans\u0131tabilirsiniz. \u00dcr\u00fcn, \u00e7ift taraf bask\u0131 yapabilme \u00f6zelli\u011fiyle mesajlar\u0131n\u0131z\u0131 daha etkileyici bir&#8230; Devam\u0131<\/p>\n","protected":false},"featured_media":36875,"comment_status":"open","ping_status":"closed","template":"","meta":[],"product_brand":[],"product_cat":[15],"product_tag":[],"class_list":{"0":"post-36824","1":"product","2":"type-product","3":"status-publish","4":"has-post-thumbnail","6":"product_cat-cikolata","8":"first","9":"instock","10":"shipping-taxable","11":"product-type-variable"},"_links":{"self":[{"href":"https:\/\/thecey.com\/en\/wp-json\/wp\/v2\/product\/36824\/"}],"collection":[{"href":"https:\/\/thecey.com\/en\/wp-json\/wp\/v2\/product\/"}],"about":[{"href":"https:\/\/thecey.com\/en\/wp-json\/wp\/v2\/types\/product\/"}],"replies":[{"embeddable":true,"href":"https:\/\/thecey.com\/en\/wp-json\/wp\/v2\/comments\/?post=36824"}],"wp:featuredmedia":[{"embeddable":true,"href":"https:\/\/thecey.com\/en\/wp-json\/wp\/v2\/media\/36875\/"}],"wp:attachment":[{"href":"https:\/\/thecey.com\/en\/wp-json\/wp\/v2\/media\/?parent=36824"}],"wp:term":[{"taxonomy":"product_brand","embeddable":true,"href":"https:\/\/thecey.com\/en\/wp-json\/wp\/v2\/product_brand\/?post=36824"},{"taxonomy":"product_cat","embeddable":true,"href":"https:\/\/thecey.com\/en\/wp-json\/wp\/v2\/product_cat\/?post=36824"},{"taxonomy":"product_tag","embeddable":true,"href":"https:\/\/thecey.com\/en\/wp-json\/wp\/v2\/product_tag\/?post=36824"}],"curies":[{"name":"wp","href":"https:\/\/api.w.org\/{rel}","templated":true}]}}