{"id":3664,"date":"2019-02-24T22:50:51","date_gmt":"2019-02-24T19:50:51","guid":{"rendered":"https:\/\/thecey.com\/?post_type=product&#038;p=3664"},"modified":"2021-01-22T17:01:32","modified_gmt":"2021-01-22T14:01:32","slug":"full-baskili-canta","status":"publish","type":"product","link":"https:\/\/thecey.com\/en\/urunler\/full-baskili-canta\/","title":{"rendered":"FULL BASKILI \u00c7ANTA"},"content":{"rendered":"","protected":false},"excerpt":{"rendered":"<p>Sublime bask\u0131l\u0131 \u00e7antalar ile istenen her g\u00f6rseli size sunabiliyoruz.<\/p>\n","protected":false},"featured_media":3669,"comment_status":"open","ping_status":"closed","template":"","meta":[],"product_brand":[],"product_cat":[424,653,917,304],"product_tag":[1056,1054,1053,1055],"class_list":{"0":"post-3664","1":"product","2":"type-product","3":"status-publish","4":"has-post-thumbnail","6":"product_cat-ihrac-urunleri","7":"product_cat-made-in-turkey","8":"product_cat-promo-canta","9":"product_cat-thecey","10":"product_tag-baskili-canta","11":"product_tag-digital-bags","12":"product_tag-printed-bags","13":"product_tag-promo-bags-turkey","15":"first","16":"instock","17":"shipping-taxable","18":"product-type-simple"},"_links":{"self":[{"href":"https:\/\/thecey.com\/en\/wp-json\/wp\/v2\/product\/3664\/"}],"collection":[{"href":"https:\/\/thecey.com\/en\/wp-json\/wp\/v2\/product\/"}],"about":[{"href":"https:\/\/thecey.com\/en\/wp-json\/wp\/v2\/types\/product\/"}],"replies":[{"embeddable":true,"href":"https:\/\/thecey.com\/en\/wp-json\/wp\/v2\/comments\/?post=3664"}],"wp:featuredmedia":[{"embeddable":true,"href":"https:\/\/thecey.com\/en\/wp-json\/wp\/v2\/media\/3669\/"}],"wp:attachment":[{"href":"https:\/\/thecey.com\/en\/wp-json\/wp\/v2\/media\/?parent=3664"}],"wp:term":[{"taxonomy":"product_brand","embeddable":true,"href":"https:\/\/thecey.com\/en\/wp-json\/wp\/v2\/product_brand\/?post=3664"},{"taxonomy":"product_cat","embeddable":true,"href":"https:\/\/thecey.com\/en\/wp-json\/wp\/v2\/product_cat\/?post=3664"},{"taxonomy":"product_tag","embeddable":true,"href":"https:\/\/thecey.com\/en\/wp-json\/wp\/v2\/product_tag\/?post=3664"}],"curies":[{"name":"wp","href":"https:\/\/api.w.org\/{rel}","templated":true}]}}