{"id":36485,"date":"2026-03-27T12:53:08","date_gmt":"2026-03-27T09:53:08","guid":{"rendered":"https:\/\/thecey.com\/urunler\/urun\/"},"modified":"2026-04-10T18:27:07","modified_gmt":"2026-04-10T15:27:07","slug":"urun","status":"publish","type":"product","link":"https:\/\/thecey.com\/en\/urunler\/urun\/","title":{"rendered":"\u00dcr\u00fcn"},"content":{"rendered":"<p><strong>\u00c7evre Dostu Malzemelerle \u00dcretildi<\/strong><\/p>\n<p>Bu \u00e7oklu \u015farj kablosu; bambu g\u00f6vde, mantar halka ve geri d\u00f6n\u00fc\u015ft\u00fcr\u00fclm\u00fc\u015f PET \u015fi\u015felerden (rPET) \u00fcretilen \u00f6rg\u00fcl\u00fc kablolarla \u00e7evreye duyarl\u0131 bir alternatif sunar. Hem do\u011fal hem de geri d\u00f6n\u00fc\u015ft\u00fcr\u00fclm\u00fc\u015f malzemeler kullan\u0131larak tasarlanmas\u0131, s\u00fcrd\u00fcr\u00fclebilirlik ilkesini benimseyen markalar i\u00e7in bu \u00fcr\u00fcn\u00fc ideal bir promosyon \u00fcr\u00fcn\u00fc haline getirir. \u00dcr\u00fcn\u00fcn \u015f\u0131k ve modern g\u00f6r\u00fcn\u00fcm\u00fc, do\u011faya katk\u0131 sa\u011flayan bilin\u00e7li t\u00fcketim anlay\u0131\u015f\u0131yla bulu\u015fur.<\/p>\n<p>&nbsp;<\/p>\n<p><strong>Y\u00fcksek H\u0131zl\u0131 \u015earj Performans\u0131 (2.4A)<\/strong><\/p>\n<p>Sadece \u00e7evreci de\u011fil, ayn\u0131 zamanda performans odakl\u0131 bir \u00fcr\u00fcn. 2.4A maksimum \u00e7\u0131k\u0131\u015f g\u00fcc\u00fc sunan bu \u00e7oklu \u015farj kablosu; Micro USB, Type-C ve iOS cihazlar\u0131 destekleyen u\u00e7lar\u0131 sayesinde ayn\u0131 anda birden fazla cihaz\u0131 verimli \u015fekilde \u015farj edebilir. Y\u00fcksek kalitede bak\u0131r teller kullan\u0131larak \u00fcretilen kablo, h\u0131zl\u0131 ve g\u00fcvenli \u015farj\u0131 garanti eder. Ak\u0131ll\u0131 IC koruma teknolojisiyle donat\u0131lm\u0131\u015f bu model, a\u015f\u0131r\u0131 \u015farj, a\u015f\u0131r\u0131 de\u015farj ve k\u0131sa devre gibi riskleri de g\u00fcvenli bi\u00e7imde \u00f6nler.<\/p>\n<p>&nbsp;<\/p>\n<p><strong>Ayd\u0131nlatmal\u0131 Logo Bask\u0131s\u0131yla Etkileyici Tan\u0131t\u0131m<\/strong><\/p>\n<p>\u00dcr\u00fcn\u00fcn g\u00f6vdesinde uygulanabilen LED lazer markalama sayesinde logonuz her kullan\u0131mda dikkat \u00e7eker. Bu \u00f6zel ayd\u0131nlatmal\u0131 bask\u0131 y\u00f6ntemi, \u0131\u015f\u0131\u011f\u0131n i\u00e7ten yans\u0131mas\u0131yla logonuzu vurgular ve \u00fcr\u00fcn\u00fcn\u00fcz\u00fc s\u0131radan promosyon \u00fcr\u00fcnlerinden ay\u0131r\u0131r. Lazer markalama, s\u00fcrt\u00fcnme veya zamanla olu\u015fabilecek deformasyonlara kar\u015f\u0131 dayan\u0131kl\u0131d\u0131r; b\u00f6ylece markan\u0131z uzun s\u00fcre g\u00f6r\u00fcn\u00fcr ve kal\u0131c\u0131 olur. Hem estetik hem de fonksiyonel olan bu \u00f6zellik, kurumsal kimli\u011finizi etkili bir \u015fekilde yans\u0131tman\u0131z\u0131 sa\u011flar.<\/p>\n","protected":false},"excerpt":{"rendered":"<p>\u00c7evre Dostu Malzemelerle \u00dcretildi Bu \u00e7oklu \u015farj kablosu; bambu g\u00f6vde, mantar halka ve geri d\u00f6n\u00fc\u015ft\u00fcr\u00fclm\u00fc\u015f PET \u015fi\u015felerden (rPET) \u00fcretilen \u00f6rg\u00fcl\u00fc kablolarla \u00e7evreye duyarl\u0131 bir alternatif sunar. Hem do\u011fal hem de geri d\u00f6n\u00fc\u015ft\u00fcr\u00fclm\u00fc\u015f malzemeler kullan\u0131larak tasarlanmas\u0131, s\u00fcrd\u00fcr\u00fclebilirlik ilkesini benimseyen markalar i\u00e7in bu \u00fcr\u00fcn\u00fc ideal bir promosyon \u00fcr\u00fcn\u00fc haline getirir. \u00dcr\u00fcn\u00fcn \u015f\u0131k ve modern g\u00f6r\u00fcn\u00fcm\u00fc, do\u011faya katk\u0131&#8230; Devam\u0131<\/p>\n","protected":false},"featured_media":41024,"comment_status":"open","ping_status":"closed","template":"","meta":[],"product_brand":[],"product_cat":[15],"product_tag":[],"class_list":{"0":"post-36485","1":"product","2":"type-product","3":"status-publish","4":"has-post-thumbnail","6":"product_cat-cikolata","8":"first","9":"instock","10":"shipping-taxable","11":"purchasable","12":"product-type-simple"},"_links":{"self":[{"href":"https:\/\/thecey.com\/en\/wp-json\/wp\/v2\/product\/36485\/"}],"collection":[{"href":"https:\/\/thecey.com\/en\/wp-json\/wp\/v2\/product\/"}],"about":[{"href":"https:\/\/thecey.com\/en\/wp-json\/wp\/v2\/types\/product\/"}],"replies":[{"embeddable":true,"href":"https:\/\/thecey.com\/en\/wp-json\/wp\/v2\/comments\/?post=36485"}],"wp:featuredmedia":[{"embeddable":true,"href":"https:\/\/thecey.com\/en\/wp-json\/wp\/v2\/media\/41024\/"}],"wp:attachment":[{"href":"https:\/\/thecey.com\/en\/wp-json\/wp\/v2\/media\/?parent=36485"}],"wp:term":[{"taxonomy":"product_brand","embeddable":true,"href":"https:\/\/thecey.com\/en\/wp-json\/wp\/v2\/product_brand\/?post=36485"},{"taxonomy":"product_cat","embeddable":true,"href":"https:\/\/thecey.com\/en\/wp-json\/wp\/v2\/product_cat\/?post=36485"},{"taxonomy":"product_tag","embeddable":true,"href":"https:\/\/thecey.com\/en\/wp-json\/wp\/v2\/product_tag\/?post=36485"}],"curies":[{"name":"wp","href":"https:\/\/api.w.org\/{rel}","templated":true}]}}