{"id":36366,"date":"2026-03-27T12:26:40","date_gmt":"2026-03-27T09:26:40","guid":{"rendered":"https:\/\/thecey.com\/urunler\/wireless-sarj-istasyonu\/"},"modified":"2026-05-13T16:41:55","modified_gmt":"2026-05-13T13:41:55","slug":"wireless-sarj-istasyonu","status":"publish","type":"product","link":"https:\/\/thecey.com\/en\/urunler\/wireless-sarj-istasyonu\/","title":{"rendered":"Wireless \u015earj \u0130stasyonu"},"content":{"rendered":"<p>15W. Wireless \u015earj<br \/>\n2.5W. Ak\u0131ll\u0131 Saat<br \/>\n5W. Ak\u0131ll\u0131 Kulakl\u0131k<\/p>\n","protected":false},"excerpt":{"rendered":"<p>15W. Wireless \u015earj 2.5W. Ak\u0131ll\u0131 Saat 5W. Ak\u0131ll\u0131 Kulakl\u0131k<\/p>\n","protected":false},"featured_media":36367,"comment_status":"open","ping_status":"closed","template":"","meta":[],"product_brand":[],"product_cat":[2275],"product_tag":[],"class_list":{"0":"post-36366","1":"product","2":"type-product","3":"status-publish","4":"has-post-thumbnail","6":"product_cat-thecey-stok-urunler","8":"first","9":"instock","10":"shipping-taxable","11":"purchasable","12":"product-type-simple"},"_links":{"self":[{"href":"https:\/\/thecey.com\/en\/wp-json\/wp\/v2\/product\/36366\/"}],"collection":[{"href":"https:\/\/thecey.com\/en\/wp-json\/wp\/v2\/product\/"}],"about":[{"href":"https:\/\/thecey.com\/en\/wp-json\/wp\/v2\/types\/product\/"}],"replies":[{"embeddable":true,"href":"https:\/\/thecey.com\/en\/wp-json\/wp\/v2\/comments\/?post=36366"}],"wp:featuredmedia":[{"embeddable":true,"href":"https:\/\/thecey.com\/en\/wp-json\/wp\/v2\/media\/36367\/"}],"wp:attachment":[{"href":"https:\/\/thecey.com\/en\/wp-json\/wp\/v2\/media\/?parent=36366"}],"wp:term":[{"taxonomy":"product_brand","embeddable":true,"href":"https:\/\/thecey.com\/en\/wp-json\/wp\/v2\/product_brand\/?post=36366"},{"taxonomy":"product_cat","embeddable":true,"href":"https:\/\/thecey.com\/en\/wp-json\/wp\/v2\/product_cat\/?post=36366"},{"taxonomy":"product_tag","embeddable":true,"href":"https:\/\/thecey.com\/en\/wp-json\/wp\/v2\/product_tag\/?post=36366"}],"curies":[{"name":"wp","href":"https:\/\/api.w.org\/{rel}","templated":true}]}}