{"id":3470,"date":"2019-01-25T17:17:49","date_gmt":"2019-01-25T14:17:49","guid":{"rendered":"https:\/\/thecey.com\/?post_type=product&#038;p=3470"},"modified":"2021-01-20T17:45:44","modified_gmt":"2021-01-20T14:45:44","slug":"titan-black","status":"publish","type":"product","link":"https:\/\/thecey.com\/en\/urunler\/titan-black\/","title":{"rendered":"TITAN BLACK"},"content":{"rendered":"","protected":false},"excerpt":{"rendered":"<p>Metal Touch kalem. Lazere haz\u0131r durumda.Lazer bask\u0131da touch plastik ile ayn\u0131 renk bask\u0131.<\/p>\n<p>Refil rengi: Mavi<\/p>\n<p>Bask\u0131 \u015fekli: Lazer veya dijital (uv) bask\u0131<\/p>\n","protected":false},"featured_media":3475,"comment_status":"open","ping_status":"closed","template":"","meta":[],"product_brand":[],"product_cat":[50,122,304,216],"product_tag":[1025,1027,124,401,1026],"class_list":{"0":"post-3470","1":"product","2":"type-product","3":"status-publish","4":"has-post-thumbnail","6":"product_cat-kalem","7":"product_cat-metal-kalem","8":"product_cat-thecey","9":"product_cat-touch-kalem","10":"product_tag-kaliteli-metal-kalemifarkli-touch-kalem","11":"product_tag-laser-ready-pen","12":"product_tag-metal-pen","13":"product_tag-promotion-touch-pen","14":"product_tag-renkli-touch-kalem","16":"first","17":"instock","18":"shipping-taxable","19":"product-type-simple"},"_links":{"self":[{"href":"https:\/\/thecey.com\/en\/wp-json\/wp\/v2\/product\/3470\/"}],"collection":[{"href":"https:\/\/thecey.com\/en\/wp-json\/wp\/v2\/product\/"}],"about":[{"href":"https:\/\/thecey.com\/en\/wp-json\/wp\/v2\/types\/product\/"}],"replies":[{"embeddable":true,"href":"https:\/\/thecey.com\/en\/wp-json\/wp\/v2\/comments\/?post=3470"}],"wp:featuredmedia":[{"embeddable":true,"href":"https:\/\/thecey.com\/en\/wp-json\/wp\/v2\/media\/3475\/"}],"wp:attachment":[{"href":"https:\/\/thecey.com\/en\/wp-json\/wp\/v2\/media\/?parent=3470"}],"wp:term":[{"taxonomy":"product_brand","embeddable":true,"href":"https:\/\/thecey.com\/en\/wp-json\/wp\/v2\/product_brand\/?post=3470"},{"taxonomy":"product_cat","embeddable":true,"href":"https:\/\/thecey.com\/en\/wp-json\/wp\/v2\/product_cat\/?post=3470"},{"taxonomy":"product_tag","embeddable":true,"href":"https:\/\/thecey.com\/en\/wp-json\/wp\/v2\/product_tag\/?post=3470"}],"curies":[{"name":"wp","href":"https:\/\/api.w.org\/{rel}","templated":true}]}}