{"id":3408,"date":"2019-01-25T12:17:17","date_gmt":"2019-01-25T09:17:17","guid":{"rendered":"https:\/\/thecey.com\/?post_type=product&#038;p=3408"},"modified":"2021-01-20T17:53:50","modified_gmt":"2021-01-20T14:53:50","slug":"thecey-semsiye-camp","status":"publish","type":"product","link":"https:\/\/thecey.com\/en\/urunler\/thecey-semsiye-camp\/","title":{"rendered":"\u015eEMS\u0130YE CAMP"},"content":{"rendered":"Promosyon \u015femsiye, manuel a\u00e7\u0131l\u0131r.<\/p>\n<p><strong>\u00d6zellikler:<\/strong><\/p>\n<p>6 panelli \u015femsiye,<\/p>\n<p>Plastik tutacak, Metal \u00e7er\u00e7eve<\/p>\n<p>Metal sap\u00a0(\u00d8 9 mm) ve u\u00e7lar<\/p>\n<p>Kendi kuma\u015f\u0131ndan ve renginden k\u0131l\u0131f<\/p>\n<p>Renk: siyah, gri, mavi, a\u00e7\u0131k mavi, kraliyet mavisi, mor, k\u0131rm\u0131z\u0131, fu\u015fya, sar\u0131, ye\u015fil, a\u00e7\u0131k ye\u015fil, turuncu, beyaz<\/p>\n<p>Malzeme: \u0130peksi kuma\u015f<\/p>\n<p>\u00d6l\u00e7\u00fc:\u00a0\u00d8 96 x 57 (24) cm<\/p>\n<p>Bask\u0131 alan\u0131:\u00a023 x 7 cm<\/p>\n<p>Bask\u0131 se\u00e7enekleri: serifrafi, transfer bask\u0131<\/p>\n<p>&nbsp;<\/p>\n<p>&nbsp;","protected":false},"excerpt":{"rendered":"<p>Promosyon katlanabilir \u00e7ok renkli \u015femsiye<\/p>\n","protected":false},"featured_media":3536,"comment_status":"open","ping_status":"closed","template":"","meta":[],"product_brand":[],"product_cat":[1036,304],"product_tag":[1023,904,652,1022,1021,1024],"class_list":{"0":"post-3408","1":"product","2":"type-product","3":"status-publish","4":"has-post-thumbnail","6":"product_cat-semsiye","7":"product_cat-thecey","8":"product_tag-baskili-semsiye","9":"product_tag-farkli-promosyon","10":"product_tag-kaliteli-promosyon-urunu","11":"product_tag-promosyon-katlanabilir-semsiye","12":"product_tag-promosyon-semsiye","13":"product_tag-renkli-promosyon-semsiye","15":"first","16":"instock","17":"shipping-taxable","18":"product-type-simple"},"_links":{"self":[{"href":"https:\/\/thecey.com\/en\/wp-json\/wp\/v2\/product\/3408\/"}],"collection":[{"href":"https:\/\/thecey.com\/en\/wp-json\/wp\/v2\/product\/"}],"about":[{"href":"https:\/\/thecey.com\/en\/wp-json\/wp\/v2\/types\/product\/"}],"replies":[{"embeddable":true,"href":"https:\/\/thecey.com\/en\/wp-json\/wp\/v2\/comments\/?post=3408"}],"wp:featuredmedia":[{"embeddable":true,"href":"https:\/\/thecey.com\/en\/wp-json\/wp\/v2\/media\/3536\/"}],"wp:attachment":[{"href":"https:\/\/thecey.com\/en\/wp-json\/wp\/v2\/media\/?parent=3408"}],"wp:term":[{"taxonomy":"product_brand","embeddable":true,"href":"https:\/\/thecey.com\/en\/wp-json\/wp\/v2\/product_brand\/?post=3408"},{"taxonomy":"product_cat","embeddable":true,"href":"https:\/\/thecey.com\/en\/wp-json\/wp\/v2\/product_cat\/?post=3408"},{"taxonomy":"product_tag","embeddable":true,"href":"https:\/\/thecey.com\/en\/wp-json\/wp\/v2\/product_tag\/?post=3408"}],"curies":[{"name":"wp","href":"https:\/\/api.w.org\/{rel}","templated":true}]}}