{"id":3389,"date":"2019-01-25T11:38:38","date_gmt":"2019-01-25T08:38:38","guid":{"rendered":"https:\/\/thecey.com\/?post_type=product&#038;p=3389"},"modified":"2021-01-22T17:05:11","modified_gmt":"2021-01-22T14:05:11","slug":"thecey-semsiye-mini","status":"publish","type":"product","link":"https:\/\/thecey.com\/en\/urunler\/thecey-semsiye-mini\/","title":{"rendered":"\u015eEMS\u0130YE M\u0130N\u0130"},"content":{"rendered":"Katlanabilir promosyon \u015femsiye. Manuel a\u00e7\u0131l\u0131r.<\/p>\n<p>\u00d6zellikler:<\/p>\n<p>8 panel, plastik tutacak, metal sap (\u00d8 9 mm) ve u\u00e7lar, kendi kuma\u015f\u0131ndan k\u0131l\u0131f\u0131yla birlikte.<\/p>\n<p>\u00d6zellikler:<\/p>\n<p>Renk: siyah, mavi, k\u0131rm\u0131z\u0131, a\u00e7\u0131k ye\u015fil, turuncu, beyaz<\/p>\n<p>Malzeme: polyester<\/p>\n<p>\u00d6l\u00e7\u00fc:\u00a0\u00d8 97 x 56 (23) cm<\/p>\n<p>A\u011f\u0131rl\u0131k: 0,26 kg<\/p>\n<p>Bask\u0131 boyutu:\u00a018 x 7 cm<\/p>\n<p>Bask\u0131 se\u00e7enekleri: serigrafi, transfer bask\u0131","protected":false},"excerpt":{"rendered":"<p>Katlanabilir, mini promosyon \u015femsiye<\/p>\n","protected":false},"featured_media":3534,"comment_status":"open","ping_status":"closed","template":"","meta":[],"product_brand":[],"product_cat":[1036,304],"product_tag":[1023,652,1022,1021,1024],"class_list":{"0":"post-3389","1":"product","2":"type-product","3":"status-publish","4":"has-post-thumbnail","6":"product_cat-semsiye","7":"product_cat-thecey","8":"product_tag-baskili-semsiye","9":"product_tag-kaliteli-promosyon-urunu","10":"product_tag-promosyon-katlanabilir-semsiye","11":"product_tag-promosyon-semsiye","12":"product_tag-renkli-promosyon-semsiye","14":"first","15":"instock","16":"shipping-taxable","17":"product-type-simple"},"_links":{"self":[{"href":"https:\/\/thecey.com\/en\/wp-json\/wp\/v2\/product\/3389\/"}],"collection":[{"href":"https:\/\/thecey.com\/en\/wp-json\/wp\/v2\/product\/"}],"about":[{"href":"https:\/\/thecey.com\/en\/wp-json\/wp\/v2\/types\/product\/"}],"replies":[{"embeddable":true,"href":"https:\/\/thecey.com\/en\/wp-json\/wp\/v2\/comments\/?post=3389"}],"wp:featuredmedia":[{"embeddable":true,"href":"https:\/\/thecey.com\/en\/wp-json\/wp\/v2\/media\/3534\/"}],"wp:attachment":[{"href":"https:\/\/thecey.com\/en\/wp-json\/wp\/v2\/media\/?parent=3389"}],"wp:term":[{"taxonomy":"product_brand","embeddable":true,"href":"https:\/\/thecey.com\/en\/wp-json\/wp\/v2\/product_brand\/?post=3389"},{"taxonomy":"product_cat","embeddable":true,"href":"https:\/\/thecey.com\/en\/wp-json\/wp\/v2\/product_cat\/?post=3389"},{"taxonomy":"product_tag","embeddable":true,"href":"https:\/\/thecey.com\/en\/wp-json\/wp\/v2\/product_tag\/?post=3389"}],"curies":[{"name":"wp","href":"https:\/\/api.w.org\/{rel}","templated":true}]}}