{"id":3361,"date":"2019-01-24T17:39:56","date_gmt":"2019-01-24T14:39:56","guid":{"rendered":"https:\/\/thecey.com\/?post_type=product&#038;p=3361"},"modified":"2021-01-22T17:05:39","modified_gmt":"2021-01-22T14:05:39","slug":"titan-metal-kalem","status":"publish","type":"product","link":"https:\/\/thecey.com\/en\/urunler\/titan-metal-kalem\/","title":{"rendered":"T\u0130TAN METAL KALEM"},"content":{"rendered":"","protected":false},"excerpt":{"rendered":"<p>Soft touch g\u00f6vdeli \u015f\u0131k promosyon metal kalem. Bir\u00e7ok renk opsiyonu mevcut.<\/p>\n<p>Tavsiye edilen bask\u0131: Lazer veya Dijital Bask\u0131 Teslimat: 15-20 g\u00fcn<\/p>\n","protected":false},"featured_media":3368,"comment_status":"open","ping_status":"closed","template":"","meta":[],"product_brand":[],"product_cat":[50,122,304],"product_tag":[803,684,1015,1017,1018,1016,1014],"class_list":{"0":"post-3361","1":"product","2":"type-product","3":"status-publish","4":"has-post-thumbnail","6":"product_cat-kalem","7":"product_cat-metal-kalem","8":"product_cat-thecey","9":"product_tag-farkli-kalem","10":"product_tag-kaliteli-promosyon-kalem","11":"product_tag-promo-metal-pen","12":"product_tag-renkli-kalem","13":"product_tag-sik-kalem","14":"product_tag-softtouch-kalem","15":"product_tag-softtouch-pen","17":"first","18":"instock","19":"shipping-taxable","20":"product-type-simple"},"_links":{"self":[{"href":"https:\/\/thecey.com\/en\/wp-json\/wp\/v2\/product\/3361\/"}],"collection":[{"href":"https:\/\/thecey.com\/en\/wp-json\/wp\/v2\/product\/"}],"about":[{"href":"https:\/\/thecey.com\/en\/wp-json\/wp\/v2\/types\/product\/"}],"replies":[{"embeddable":true,"href":"https:\/\/thecey.com\/en\/wp-json\/wp\/v2\/comments\/?post=3361"}],"wp:featuredmedia":[{"embeddable":true,"href":"https:\/\/thecey.com\/en\/wp-json\/wp\/v2\/media\/3368\/"}],"wp:attachment":[{"href":"https:\/\/thecey.com\/en\/wp-json\/wp\/v2\/media\/?parent=3361"}],"wp:term":[{"taxonomy":"product_brand","embeddable":true,"href":"https:\/\/thecey.com\/en\/wp-json\/wp\/v2\/product_brand\/?post=3361"},{"taxonomy":"product_cat","embeddable":true,"href":"https:\/\/thecey.com\/en\/wp-json\/wp\/v2\/product_cat\/?post=3361"},{"taxonomy":"product_tag","embeddable":true,"href":"https:\/\/thecey.com\/en\/wp-json\/wp\/v2\/product_tag\/?post=3361"}],"curies":[{"name":"wp","href":"https:\/\/api.w.org\/{rel}","templated":true}]}}