{"id":3360,"date":"2019-01-24T17:47:18","date_gmt":"2019-01-24T14:47:18","guid":{"rendered":"https:\/\/thecey.com\/?post_type=product&#038;p=3360"},"modified":"2021-01-22T17:05:26","modified_gmt":"2021-01-22T14:05:26","slug":"thecey-acacak-fizzy","status":"publish","type":"product","link":"https:\/\/thecey.com\/en\/urunler\/thecey-acacak-fizzy\/","title":{"rendered":"Thecey &#8211; A\u00e7acak Fizzy"},"content":{"rendered":"Plastik D\u00f6ner,\u00a0 \u015ei\u015fe Kapa\u011f\u0131 A\u00e7aca\u011f\u0131<\/p>\n<p>\u00d6zellikler:<\/p>\n<p>Renk: siyah, mavi, k\u0131rm\u0131z\u0131, beyaz<\/p>\n<p>\u00d6l\u00e7\u00fc:\u00a08.5 x 3.6 x 1.2 cm<\/p>\n<p>A\u011f\u0131rl\u0131k: 0.03 kg<\/p>\n<p>Bask\u0131 alan\u0131:\u00a0\u00d8 2.3 cm<\/p>\n<p>Bask\u0131 se\u00e7enekleri: tampon bask\u0131, dijital bask\u0131, etiket<\/p>\n<p>&nbsp;","protected":false},"excerpt":{"rendered":"<p>Plastik D\u00f6ner,\u00a0 \u015ei\u015fe Kapa\u011f\u0131 A\u00e7aca\u011f\u0131<\/p>\n","protected":false},"featured_media":3530,"comment_status":"open","ping_status":"closed","template":"","meta":[],"product_brand":[],"product_cat":[304],"product_tag":[1019,1020,581,582],"class_list":{"0":"post-3360","1":"product","2":"type-product","3":"status-publish","4":"has-post-thumbnail","6":"product_cat-thecey","7":"product_tag-baskili-sise-acacagi","8":"product_tag-plastik-sise-acacagi","9":"product_tag-promosyon-sise-acacagi","10":"product_tag-sise-acacagi","12":"first","13":"instock","14":"shipping-taxable","15":"product-type-simple"},"_links":{"self":[{"href":"https:\/\/thecey.com\/en\/wp-json\/wp\/v2\/product\/3360\/"}],"collection":[{"href":"https:\/\/thecey.com\/en\/wp-json\/wp\/v2\/product\/"}],"about":[{"href":"https:\/\/thecey.com\/en\/wp-json\/wp\/v2\/types\/product\/"}],"replies":[{"embeddable":true,"href":"https:\/\/thecey.com\/en\/wp-json\/wp\/v2\/comments\/?post=3360"}],"wp:featuredmedia":[{"embeddable":true,"href":"https:\/\/thecey.com\/en\/wp-json\/wp\/v2\/media\/3530\/"}],"wp:attachment":[{"href":"https:\/\/thecey.com\/en\/wp-json\/wp\/v2\/media\/?parent=3360"}],"wp:term":[{"taxonomy":"product_brand","embeddable":true,"href":"https:\/\/thecey.com\/en\/wp-json\/wp\/v2\/product_brand\/?post=3360"},{"taxonomy":"product_cat","embeddable":true,"href":"https:\/\/thecey.com\/en\/wp-json\/wp\/v2\/product_cat\/?post=3360"},{"taxonomy":"product_tag","embeddable":true,"href":"https:\/\/thecey.com\/en\/wp-json\/wp\/v2\/product_tag\/?post=3360"}],"curies":[{"name":"wp","href":"https:\/\/api.w.org\/{rel}","templated":true}]}}