{"id":3311,"date":"2019-01-24T14:24:15","date_gmt":"2019-01-24T11:24:15","guid":{"rendered":"https:\/\/thecey.com\/?post_type=product&#038;p=3311"},"modified":"2021-01-25T16:18:47","modified_gmt":"2021-01-25T13:18:47","slug":"thecey-faster","status":"publish","type":"product","link":"https:\/\/thecey.com\/en\/urunler\/thecey-faster\/","title":{"rendered":"THECEY- FASTER"},"content":{"rendered":"Araba fan telefon tutucu<\/p>\n<p>Telefonunuzu hem sa\u011f &#8211; sol iki taraftan hem de alt k\u0131s\u0131mdan destekler; b\u00f6ylece sa\u011flam bir tutu\u015f sa\u011flar.<\/p>\n<p>Lazer kaz\u0131ma ile \u00fcr\u00fcn \u00f6zelle\u015ftirilebilir.<\/p>\n<p><strong>\u00d6zellikler:\u00a0<\/strong><\/p>\n<p>Renk: siyah, koyu gri<\/p>\n<p>\u00d6l\u00e7\u00fc:\u00a00 x 9 x 6 cm<\/p>\n<p>Bask\u0131 alan\u0131:\u00a0\u00a0\u00d8 3 cm<\/p>\n<p>Bask\u0131 se\u00e7enekleri: dijital bask\u0131<\/p>\n<p>&nbsp;","protected":false},"excerpt":{"rendered":"<p>Ara\u00e7 \u0130\u00e7i Destekli Telefon Tutucu<\/p>\n","protected":false},"featured_media":3522,"comment_status":"open","ping_status":"closed","template":"","meta":[],"product_brand":[],"product_cat":[247,502,161,304],"product_tag":[575,999,998,1000,997,996,813,652,995,579],"class_list":{"0":"post-3311","1":"product","2":"type-product","3":"status-publish","4":"has-post-thumbnail","6":"product_cat-mobil-urunleri","7":"product_cat-seyahat","8":"product_cat-tekno-promo-urunler","9":"product_cat-thecey","10":"product_tag-akilli-telefon-tutucu","11":"product_tag-araba-fan-telefon-tutucu","12":"product_tag-araba-telefon-tutucu","13":"product_tag-arac-fan-telefon-tutucu","14":"product_tag-arac-ici-telefon-tutucu","15":"product_tag-baskili-telefon-tutucu","16":"product_tag-kaliteli-promosyon","17":"product_tag-kaliteli-promosyon-urunu","18":"product_tag-promosyon-telefon-tutucu","19":"product_tag-telefon-tutucu","21":"first","22":"instock","23":"shipping-taxable","24":"product-type-simple"},"_links":{"self":[{"href":"https:\/\/thecey.com\/en\/wp-json\/wp\/v2\/product\/3311\/"}],"collection":[{"href":"https:\/\/thecey.com\/en\/wp-json\/wp\/v2\/product\/"}],"about":[{"href":"https:\/\/thecey.com\/en\/wp-json\/wp\/v2\/types\/product\/"}],"replies":[{"embeddable":true,"href":"https:\/\/thecey.com\/en\/wp-json\/wp\/v2\/comments\/?post=3311"}],"wp:featuredmedia":[{"embeddable":true,"href":"https:\/\/thecey.com\/en\/wp-json\/wp\/v2\/media\/3522\/"}],"wp:attachment":[{"href":"https:\/\/thecey.com\/en\/wp-json\/wp\/v2\/media\/?parent=3311"}],"wp:term":[{"taxonomy":"product_brand","embeddable":true,"href":"https:\/\/thecey.com\/en\/wp-json\/wp\/v2\/product_brand\/?post=3311"},{"taxonomy":"product_cat","embeddable":true,"href":"https:\/\/thecey.com\/en\/wp-json\/wp\/v2\/product_cat\/?post=3311"},{"taxonomy":"product_tag","embeddable":true,"href":"https:\/\/thecey.com\/en\/wp-json\/wp\/v2\/product_tag\/?post=3311"}],"curies":[{"name":"wp","href":"https:\/\/api.w.org\/{rel}","templated":true}]}}