{"id":3225,"date":"2019-01-22T00:32:10","date_gmt":"2019-01-21T21:32:10","guid":{"rendered":"https:\/\/thecey.com\/?post_type=product&#038;p=3225"},"modified":"2024-03-09T13:32:26","modified_gmt":"2024-03-09T10:32:26","slug":"temassiz-rfid-kredi-kart-koruyucu","status":"publish","type":"product","link":"https:\/\/thecey.com\/en\/urunler\/temassiz-rfid-kredi-kart-koruyucu\/","title":{"rendered":"TEMASSIZ (RFID) KRED\u0130 KART KORUYUCU"},"content":{"rendered":"<ul>\n<li>Ta\u015f\u0131nmas\u0131 kolay,magazinlere ve zarflara rahat yerle\u015ftirilebilir.<\/li>\n<li>Fuar ve etkinlikler i\u00e7in kullan\u0131\u015fl\u0131 bir promosyon<\/li>\n<li>Qr kodlu ve \u00f6zel isimli promosyonlar i\u00e7in ideal!<\/li>\n<li>Uzun soluklu kullan\u0131m<\/li>\n<li>De\u011fi\u015fik paketleme se\u00e7enekleri<\/li>\n<\/ul>","protected":false},"excerpt":{"rendered":"<h3>Dijital soygunlar\u0131 art\u0131k \u00f6nl\u00fcyoruz!<\/h3>\n<p>Kurumsal m\u00fc\u015fterilerinize hem teknolojik hem de kullan\u0131\u015fl\u0131 bir \u00fcr\u00fcn \u00f6nermek ister misiniz?\u00a0Temass\u0131z koruyucu kart ile promosyonda her sekt\u00f6re hitap edebilirsiniz. Banka kartlar\u0131n\u0131z,kredi kartlar\u0131n\u0131z ve yeni \u00e7ipli kimlik kartlar\u0131n\u0131z bu kart ile g\u00fcvende! \u00dcstelik bunun i\u00e7in yeni pahal\u0131 bir RFID c\u00fczdan alman\u0131za gerek yok.<\/p>\n","protected":false},"featured_media":3229,"comment_status":"open","ping_status":"closed","template":"","meta":[],"product_brand":[],"product_cat":[935,161,304],"product_tag":[980,977,976,979,975,978],"class_list":{"0":"post-3225","1":"product","2":"type-product","3":"status-publish","4":"has-post-thumbnail","6":"product_cat-essiz-urunler","7":"product_cat-tekno-promo-urunler","8":"product_cat-thecey","9":"product_tag-digital-pickpocket-locker","10":"product_tag-kredi-karti-koruyucu","11":"product_tag-rfid-card-protector","12":"product_tag-rfid-credit-card-protector","13":"product_tag-temassiz-kart-koruyucu","14":"product_tag-temassiz-kredi-kart-koruyucu","16":"first","17":"instock","18":"shipping-taxable","19":"product-type-simple"},"_links":{"self":[{"href":"https:\/\/thecey.com\/en\/wp-json\/wp\/v2\/product\/3225\/"}],"collection":[{"href":"https:\/\/thecey.com\/en\/wp-json\/wp\/v2\/product\/"}],"about":[{"href":"https:\/\/thecey.com\/en\/wp-json\/wp\/v2\/types\/product\/"}],"replies":[{"embeddable":true,"href":"https:\/\/thecey.com\/en\/wp-json\/wp\/v2\/comments\/?post=3225"}],"wp:featuredmedia":[{"embeddable":true,"href":"https:\/\/thecey.com\/en\/wp-json\/wp\/v2\/media\/3229\/"}],"wp:attachment":[{"href":"https:\/\/thecey.com\/en\/wp-json\/wp\/v2\/media\/?parent=3225"}],"wp:term":[{"taxonomy":"product_brand","embeddable":true,"href":"https:\/\/thecey.com\/en\/wp-json\/wp\/v2\/product_brand\/?post=3225"},{"taxonomy":"product_cat","embeddable":true,"href":"https:\/\/thecey.com\/en\/wp-json\/wp\/v2\/product_cat\/?post=3225"},{"taxonomy":"product_tag","embeddable":true,"href":"https:\/\/thecey.com\/en\/wp-json\/wp\/v2\/product_tag\/?post=3225"}],"curies":[{"name":"wp","href":"https:\/\/api.w.org\/{rel}","templated":true}]}}