{"id":3213,"date":"2019-01-20T22:20:00","date_gmt":"2019-01-20T19:20:00","guid":{"rendered":"https:\/\/thecey.com\/?post_type=product&#038;p=3213"},"modified":"2021-01-25T16:25:31","modified_gmt":"2021-01-25T13:25:31","slug":"non-woven-indirim-cantasi","status":"publish","type":"product","link":"https:\/\/thecey.com\/en\/urunler\/non-woven-indirim-cantasi\/","title":{"rendered":"NON WOVEN \u0130ND\u0130R\u0130M \u00c7ANTASI"},"content":{"rendered":"","protected":false},"excerpt":{"rendered":"<p>&nbsp;<\/p>\n<p>\u0130ndirimlerinizi \u015f\u0131k bir \u015fekilde g\u00f6stermek ister misiniz?<\/p>\n<p>S\u0131cak kapama metoduyla \u00fcretilen \u00a038x40x10 cm boyutlu indirim \u00e7antas\u0131. K\u0131rm\u0131z\u0131 renkli k\u0131sa kulp. Minimum sipari\u015f 500 adet ve \u00fcst\u00fc. EU \u00fclkelerine ve fuar alanlar\u0131n\u0131za \u00fccretsiz teslim yap\u0131l\u0131r.<\/p>\n","protected":false},"featured_media":3214,"comment_status":"open","ping_status":"closed","template":"","meta":[],"product_brand":[],"product_cat":[424,653,917,304],"product_tag":[968,962,963,964,966,965,860,969,967],"class_list":{"0":"post-3213","1":"product","2":"type-product","3":"status-publish","4":"has-post-thumbnail","6":"product_cat-ihrac-urunleri","7":"product_cat-made-in-turkey","8":"product_cat-promo-canta","9":"product_cat-thecey","10":"product_tag-avrupa-promosyon-canta","11":"product_tag-discount-promo-bag","12":"product_tag-eco-bag","13":"product_tag-eko-canta","14":"product_tag-indirim-torbasi","15":"product_tag-iskonto-cantasi","16":"product_tag-promosyon-canta","17":"product_tag-promosyon-canta-teslimi","18":"product_tag-promosyon-torba","20":"first","21":"instock","22":"shipping-taxable","23":"product-type-simple"},"_links":{"self":[{"href":"https:\/\/thecey.com\/en\/wp-json\/wp\/v2\/product\/3213\/"}],"collection":[{"href":"https:\/\/thecey.com\/en\/wp-json\/wp\/v2\/product\/"}],"about":[{"href":"https:\/\/thecey.com\/en\/wp-json\/wp\/v2\/types\/product\/"}],"replies":[{"embeddable":true,"href":"https:\/\/thecey.com\/en\/wp-json\/wp\/v2\/comments\/?post=3213"}],"wp:featuredmedia":[{"embeddable":true,"href":"https:\/\/thecey.com\/en\/wp-json\/wp\/v2\/media\/3214\/"}],"wp:attachment":[{"href":"https:\/\/thecey.com\/en\/wp-json\/wp\/v2\/media\/?parent=3213"}],"wp:term":[{"taxonomy":"product_brand","embeddable":true,"href":"https:\/\/thecey.com\/en\/wp-json\/wp\/v2\/product_brand\/?post=3213"},{"taxonomy":"product_cat","embeddable":true,"href":"https:\/\/thecey.com\/en\/wp-json\/wp\/v2\/product_cat\/?post=3213"},{"taxonomy":"product_tag","embeddable":true,"href":"https:\/\/thecey.com\/en\/wp-json\/wp\/v2\/product_tag\/?post=3213"}],"curies":[{"name":"wp","href":"https:\/\/api.w.org\/{rel}","templated":true}]}}