{"id":3203,"date":"2019-01-20T21:51:36","date_gmt":"2019-01-20T18:51:36","guid":{"rendered":"https:\/\/thecey.com\/?post_type=product&#038;p=3203"},"modified":"2021-01-25T16:26:37","modified_gmt":"2021-01-25T13:26:37","slug":"diplomat-elbise-askisi","status":"publish","type":"product","link":"https:\/\/thecey.com\/en\/urunler\/diplomat-elbise-askisi\/","title":{"rendered":"D\u0130PLOMAT ELB\u0130SE ASKISI"},"content":{"rendered":"","protected":false},"excerpt":{"rendered":"<p>Non woven Elbise ask\u0131s\u0131. K\u0131sa ta\u015f\u0131ma kulpuyla \u00fcr\u00fcnlerinize \u00fcst segment bir de\u011fer katar.<\/p>\n<p>\u00dcr\u00fcn \u00fczerine istenen logo da yap\u0131labilir. 60*110cm boyutlar\u0131nda. Minimum sipari\u015f adet 250 adet olup EU \u00fclkelerine \u00fccretsiz teslimat yap\u0131lmaktad\u0131r.<\/p>\n","protected":false},"featured_media":3204,"comment_status":"open","ping_status":"closed","template":"","meta":[],"product_brand":[],"product_cat":[653,917,304],"product_tag":[954,956,955],"class_list":{"0":"post-3203","1":"product","2":"type-product","3":"status-publish","4":"has-post-thumbnail","6":"product_cat-made-in-turkey","7":"product_cat-promo-canta","8":"product_cat-thecey","9":"product_tag-baskili-elbise-askisi","10":"product_tag-logolu-elbise-askisi","11":"product_tag-promotional-garment-cover","13":"first","14":"instock","15":"shipping-taxable","16":"product-type-simple"},"_links":{"self":[{"href":"https:\/\/thecey.com\/en\/wp-json\/wp\/v2\/product\/3203\/"}],"collection":[{"href":"https:\/\/thecey.com\/en\/wp-json\/wp\/v2\/product\/"}],"about":[{"href":"https:\/\/thecey.com\/en\/wp-json\/wp\/v2\/types\/product\/"}],"replies":[{"embeddable":true,"href":"https:\/\/thecey.com\/en\/wp-json\/wp\/v2\/comments\/?post=3203"}],"wp:featuredmedia":[{"embeddable":true,"href":"https:\/\/thecey.com\/en\/wp-json\/wp\/v2\/media\/3204\/"}],"wp:attachment":[{"href":"https:\/\/thecey.com\/en\/wp-json\/wp\/v2\/media\/?parent=3203"}],"wp:term":[{"taxonomy":"product_brand","embeddable":true,"href":"https:\/\/thecey.com\/en\/wp-json\/wp\/v2\/product_brand\/?post=3203"},{"taxonomy":"product_cat","embeddable":true,"href":"https:\/\/thecey.com\/en\/wp-json\/wp\/v2\/product_cat\/?post=3203"},{"taxonomy":"product_tag","embeddable":true,"href":"https:\/\/thecey.com\/en\/wp-json\/wp\/v2\/product_tag\/?post=3203"}],"curies":[{"name":"wp","href":"https:\/\/api.w.org\/{rel}","templated":true}]}}