{"id":2920,"date":"2019-01-01T20:30:14","date_gmt":"2019-01-01T17:30:14","guid":{"rendered":"https:\/\/thecey.com\/\/?post_type=product&#038;p=2920"},"modified":"2023-06-10T14:07:46","modified_gmt":"2023-06-10T11:07:46","slug":"not-defteri-89","status":"publish","type":"product","link":"https:\/\/thecey.com\/en\/urunler\/not-defteri-89\/","title":{"rendered":"NOT DEFTER\u0130 89"},"content":{"rendered":"","protected":false},"excerpt":{"rendered":"<p>13*21 Not defteri. 96 yaprak, ivory ka\u011f\u0131t.5 i\u015f g\u00fcn\u00fcnde teslim edilir. Siyah, K\u0131rm\u0131z\u0131, Lacivert renk opsiyonu.<\/p>\n<p>Bask\u0131: Gofre, Serigrafi, UV<\/p>\n","protected":false},"featured_media":2923,"comment_status":"open","ping_status":"closed","template":"","meta":[],"product_brand":[],"product_cat":[243,304],"product_tag":[893,813,894,661],"class_list":{"0":"post-2920","1":"product","2":"type-product","3":"status-publish","4":"has-post-thumbnail","6":"product_cat-not-defteri","7":"product_cat-thecey","8":"product_tag-farkli-not-defteri","9":"product_tag-kaliteli-promosyon","10":"product_tag-notebook","11":"product_tag-promotional-notebook","13":"first","14":"instock","15":"shipping-taxable","16":"product-type-simple"},"_links":{"self":[{"href":"https:\/\/thecey.com\/en\/wp-json\/wp\/v2\/product\/2920\/"}],"collection":[{"href":"https:\/\/thecey.com\/en\/wp-json\/wp\/v2\/product\/"}],"about":[{"href":"https:\/\/thecey.com\/en\/wp-json\/wp\/v2\/types\/product\/"}],"replies":[{"embeddable":true,"href":"https:\/\/thecey.com\/en\/wp-json\/wp\/v2\/comments\/?post=2920"}],"wp:featuredmedia":[{"embeddable":true,"href":"https:\/\/thecey.com\/en\/wp-json\/wp\/v2\/media\/2923\/"}],"wp:attachment":[{"href":"https:\/\/thecey.com\/en\/wp-json\/wp\/v2\/media\/?parent=2920"}],"wp:term":[{"taxonomy":"product_brand","embeddable":true,"href":"https:\/\/thecey.com\/en\/wp-json\/wp\/v2\/product_brand\/?post=2920"},{"taxonomy":"product_cat","embeddable":true,"href":"https:\/\/thecey.com\/en\/wp-json\/wp\/v2\/product_cat\/?post=2920"},{"taxonomy":"product_tag","embeddable":true,"href":"https:\/\/thecey.com\/en\/wp-json\/wp\/v2\/product_tag\/?post=2920"}],"curies":[{"name":"wp","href":"https:\/\/api.w.org\/{rel}","templated":true}]}}