{"id":2874,"date":"2018-12-30T22:54:09","date_gmt":"2018-12-30T19:54:09","guid":{"rendered":"https:\/\/thecey.com\/\/?post_type=product&#038;p=2874"},"modified":"2024-07-30T18:10:23","modified_gmt":"2024-07-30T15:10:23","slug":"deri-sarap-tasiyici","status":"publish","type":"product","link":"https:\/\/thecey.com\/en\/urunler\/deri-sarap-tasiyici\/","title":{"rendered":"DER\u0130 \u015eARAP TA\u015eIYICI"},"content":{"rendered":"","protected":false},"excerpt":{"rendered":"<p>\u015earap severler i\u00e7in m\u00fckemmel bir hediye. \u015earaplar\u0131 \u015f\u0131k bir ta\u015f\u0131y\u0131c\u0131 ile tutmak ister misiniz? Kesinlikle do\u011fru bir se\u00e7im! De\u011fi\u015fik renk alternatifleriyle. %100 ger\u00e7ek deriden \u00fcretilmi\u015ftir.<\/p>\n<p>Bask\u0131: Lazer<\/p>\n","protected":false},"featured_media":2877,"comment_status":"open","ping_status":"closed","template":"","meta":[],"product_brand":[],"product_cat":[440,304],"product_tag":[890,889,891,892],"class_list":{"0":"post-2874","1":"product","2":"type-product","3":"status-publish","4":"has-post-thumbnail","6":"product_cat-deri-urunler","7":"product_cat-thecey","8":"product_tag-deri-sarap-tasiyici","9":"product_tag-deri-saraplik","10":"product_tag-leather-wine-cover","11":"product_tag-winelover-gift","13":"first","14":"instock","15":"shipping-taxable","16":"product-type-simple"},"_links":{"self":[{"href":"https:\/\/thecey.com\/en\/wp-json\/wp\/v2\/product\/2874\/"}],"collection":[{"href":"https:\/\/thecey.com\/en\/wp-json\/wp\/v2\/product\/"}],"about":[{"href":"https:\/\/thecey.com\/en\/wp-json\/wp\/v2\/types\/product\/"}],"replies":[{"embeddable":true,"href":"https:\/\/thecey.com\/en\/wp-json\/wp\/v2\/comments\/?post=2874"}],"wp:featuredmedia":[{"embeddable":true,"href":"https:\/\/thecey.com\/en\/wp-json\/wp\/v2\/media\/2877\/"}],"wp:attachment":[{"href":"https:\/\/thecey.com\/en\/wp-json\/wp\/v2\/media\/?parent=2874"}],"wp:term":[{"taxonomy":"product_brand","embeddable":true,"href":"https:\/\/thecey.com\/en\/wp-json\/wp\/v2\/product_brand\/?post=2874"},{"taxonomy":"product_cat","embeddable":true,"href":"https:\/\/thecey.com\/en\/wp-json\/wp\/v2\/product_cat\/?post=2874"},{"taxonomy":"product_tag","embeddable":true,"href":"https:\/\/thecey.com\/en\/wp-json\/wp\/v2\/product_tag\/?post=2874"}],"curies":[{"name":"wp","href":"https:\/\/api.w.org\/{rel}","templated":true}]}}