{"id":27752,"date":"2025-12-15T11:28:36","date_gmt":"2025-12-15T08:28:36","guid":{"rendered":"https:\/\/thecey.com\/?post_type=product&#038;p=27752"},"modified":"2025-12-16T11:41:23","modified_gmt":"2025-12-16T08:41:23","slug":"hikaye-kupleri-oyunu-kopuk-baloncuk-balon-ve-cikolatadan-olusan-23-nisan-ozel-hediye-seti","status":"publish","type":"product","link":"https:\/\/thecey.com\/en\/urunler\/hikaye-kupleri-oyunu-kopuk-baloncuk-balon-ve-cikolatadan-olusan-23-nisan-ozel-hediye-seti\/","title":{"rendered":"Oyun, K\u00f6p\u00fck Baloncuk, Balon ve \u00c7ikolata\u2019dan olu\u015fan 23 Nisan \u00d6zel Hediye Seti"},"content":{"rendered":"","protected":false},"excerpt":{"rendered":"","protected":false},"featured_media":27755,"comment_status":"open","ping_status":"closed","template":"","meta":[],"product_brand":[],"product_cat":[2275],"product_tag":[],"class_list":{"0":"post-27752","1":"product","2":"type-product","3":"status-publish","4":"has-post-thumbnail","6":"product_cat-thecey-stok-urunler","8":"first","9":"instock","10":"shipping-taxable","11":"product-type-simple"},"_links":{"self":[{"href":"https:\/\/thecey.com\/en\/wp-json\/wp\/v2\/product\/27752\/"}],"collection":[{"href":"https:\/\/thecey.com\/en\/wp-json\/wp\/v2\/product\/"}],"about":[{"href":"https:\/\/thecey.com\/en\/wp-json\/wp\/v2\/types\/product\/"}],"replies":[{"embeddable":true,"href":"https:\/\/thecey.com\/en\/wp-json\/wp\/v2\/comments\/?post=27752"}],"wp:featuredmedia":[{"embeddable":true,"href":"https:\/\/thecey.com\/en\/wp-json\/wp\/v2\/media\/27755\/"}],"wp:attachment":[{"href":"https:\/\/thecey.com\/en\/wp-json\/wp\/v2\/media\/?parent=27752"}],"wp:term":[{"taxonomy":"product_brand","embeddable":true,"href":"https:\/\/thecey.com\/en\/wp-json\/wp\/v2\/product_brand\/?post=27752"},{"taxonomy":"product_cat","embeddable":true,"href":"https:\/\/thecey.com\/en\/wp-json\/wp\/v2\/product_cat\/?post=27752"},{"taxonomy":"product_tag","embeddable":true,"href":"https:\/\/thecey.com\/en\/wp-json\/wp\/v2\/product_tag\/?post=27752"}],"curies":[{"name":"wp","href":"https:\/\/api.w.org\/{rel}","templated":true}]}}