{"id":27712,"date":"2025-12-15T11:14:07","date_gmt":"2025-12-15T08:14:07","guid":{"rendered":"https:\/\/thecey.com\/?post_type=product&#038;p=27712"},"modified":"2025-12-15T11:14:09","modified_gmt":"2025-12-15T08:14:09","slug":"ataturk-tasarimli-hediye-seti","status":"publish","type":"product","link":"https:\/\/thecey.com\/en\/urunler\/ataturk-tasarimli-hediye-seti\/","title":{"rendered":"Atat\u00fcrk Tasar\u0131ml\u0131 Hediye Seti"},"content":{"rendered":"","protected":false},"excerpt":{"rendered":"","protected":false},"featured_media":27717,"comment_status":"open","ping_status":"closed","template":"","meta":[],"product_brand":[],"product_cat":[2275],"product_tag":[],"class_list":{"0":"post-27712","1":"product","2":"type-product","3":"status-publish","4":"has-post-thumbnail","6":"product_cat-thecey-stok-urunler","8":"first","9":"instock","10":"shipping-taxable","11":"product-type-simple"},"_links":{"self":[{"href":"https:\/\/thecey.com\/en\/wp-json\/wp\/v2\/product\/27712\/"}],"collection":[{"href":"https:\/\/thecey.com\/en\/wp-json\/wp\/v2\/product\/"}],"about":[{"href":"https:\/\/thecey.com\/en\/wp-json\/wp\/v2\/types\/product\/"}],"replies":[{"embeddable":true,"href":"https:\/\/thecey.com\/en\/wp-json\/wp\/v2\/comments\/?post=27712"}],"wp:featuredmedia":[{"embeddable":true,"href":"https:\/\/thecey.com\/en\/wp-json\/wp\/v2\/media\/27717\/"}],"wp:attachment":[{"href":"https:\/\/thecey.com\/en\/wp-json\/wp\/v2\/media\/?parent=27712"}],"wp:term":[{"taxonomy":"product_brand","embeddable":true,"href":"https:\/\/thecey.com\/en\/wp-json\/wp\/v2\/product_brand\/?post=27712"},{"taxonomy":"product_cat","embeddable":true,"href":"https:\/\/thecey.com\/en\/wp-json\/wp\/v2\/product_cat\/?post=27712"},{"taxonomy":"product_tag","embeddable":true,"href":"https:\/\/thecey.com\/en\/wp-json\/wp\/v2\/product_tag\/?post=27712"}],"curies":[{"name":"wp","href":"https:\/\/api.w.org\/{rel}","templated":true}]}}