{"id":2768,"date":"2018-12-28T10:19:47","date_gmt":"2018-12-28T07:19:47","guid":{"rendered":"https:\/\/thecey.com\/\/?post_type=product&#038;p=2768"},"modified":"2024-03-19T06:26:46","modified_gmt":"2024-03-19T03:26:46","slug":"bez-canta","status":"publish","type":"product","link":"https:\/\/thecey.com\/en\/urunler\/bez-canta\/","title":{"rendered":"TheCey- Bez \u00c7anta"},"content":{"rendered":"","protected":false},"excerpt":{"rendered":"<p>Farkl\u0131 tasar\u0131m ve \u00f6l\u00e7\u00fclerde bez \u00e7antalar! Kanvastan da \u00fcretim yap\u0131lmaktad\u0131r.<\/p>\n<p>\u00d6zel tasar\u0131m bas\u0131l\u0131r, farkl\u0131 kuma\u015f se\u00e7enekleri ve \u00f6l\u00e7\u00fclerde \u00e7al\u0131\u015fmalar m\u00fcmk\u00fcnd\u00fcr.<\/p>\n","protected":false},"featured_media":7620,"comment_status":"open","ping_status":"closed","template":"","meta":[],"product_brand":[],"product_cat":[424,653,917,822,304],"product_tag":[863,864,865,1891,859,866,868,861,960,867,860,1892,1890,862],"class_list":{"0":"post-2768","1":"product","2":"type-product","3":"status-publish","4":"has-post-thumbnail","6":"product_cat-ihrac-urunleri","7":"product_cat-made-in-turkey","8":"product_cat-promo-canta","9":"product_cat-tekstil-urunleri","10":"product_cat-thecey","11":"product_tag-baskili-bez-canta","12":"product_tag-baskili-hambez-canta","13":"product_tag-baskili-tela-canta","14":"product_tag-bez","15":"product_tag-bez-canta","16":"product_tag-cotton-bag","17":"product_tag-custom-printed-cotton-bag","18":"product_tag-hambez-canta","19":"product_tag-kaliteli-canta","20":"product_tag-printed-cotton-bag","21":"product_tag-promosyon-canta","22":"product_tag-renkli-bez-canta","23":"product_tag-renkli-canta","24":"product_tag-tela-canta","26":"first","27":"instock","28":"shipping-taxable","29":"product-type-simple"},"_links":{"self":[{"href":"https:\/\/thecey.com\/en\/wp-json\/wp\/v2\/product\/2768\/"}],"collection":[{"href":"https:\/\/thecey.com\/en\/wp-json\/wp\/v2\/product\/"}],"about":[{"href":"https:\/\/thecey.com\/en\/wp-json\/wp\/v2\/types\/product\/"}],"replies":[{"embeddable":true,"href":"https:\/\/thecey.com\/en\/wp-json\/wp\/v2\/comments\/?post=2768"}],"wp:featuredmedia":[{"embeddable":true,"href":"https:\/\/thecey.com\/en\/wp-json\/wp\/v2\/media\/7620\/"}],"wp:attachment":[{"href":"https:\/\/thecey.com\/en\/wp-json\/wp\/v2\/media\/?parent=2768"}],"wp:term":[{"taxonomy":"product_brand","embeddable":true,"href":"https:\/\/thecey.com\/en\/wp-json\/wp\/v2\/product_brand\/?post=2768"},{"taxonomy":"product_cat","embeddable":true,"href":"https:\/\/thecey.com\/en\/wp-json\/wp\/v2\/product_cat\/?post=2768"},{"taxonomy":"product_tag","embeddable":true,"href":"https:\/\/thecey.com\/en\/wp-json\/wp\/v2\/product_tag\/?post=2768"}],"curies":[{"name":"wp","href":"https:\/\/api.w.org\/{rel}","templated":true}]}}