{"id":26284,"date":"2025-11-19T09:25:45","date_gmt":"2025-11-19T06:25:45","guid":{"rendered":"https:\/\/thecey.com\/?post_type=product&#038;p=26284"},"modified":"2025-11-19T09:25:47","modified_gmt":"2025-11-19T06:25:47","slug":"usb-stick-alu-key","status":"publish","type":"product","link":"https:\/\/thecey.com\/en\/urunler\/usb-stick-alu-key\/","title":{"rendered":"USB Stick Alu Key"},"content":{"rendered":"<p>USB Alu Anahtar 4 farkl\u0131 renkte mevcuttur. G\u00f6vdesi \u00e7elik \u015feritle g\u00fc\u00e7lendirilmi\u015ftir. Bellek \u00e7ipi \u00e7izilmeye dayan\u0131kl\u0131, toz ge\u00e7irmez ve su ge\u00e7irmez oldu\u011fundan kapa\u011fa gerek yoktur.<\/p>\n","protected":false},"excerpt":{"rendered":"<p>USB Alu Anahtar 4 farkl\u0131 renkte mevcuttur. G\u00f6vdesi \u00e7elik \u015feritle g\u00fc\u00e7lendirilmi\u015ftir. Bellek \u00e7ipi \u00e7izilmeye dayan\u0131kl\u0131, toz ge\u00e7irmez ve su ge\u00e7irmez oldu\u011fundan kapa\u011fa gerek yoktur.<\/p>\n","protected":false},"featured_media":26285,"comment_status":"open","ping_status":"closed","template":"","meta":[],"product_brand":[],"product_cat":[17],"product_tag":[],"class_list":{"0":"post-26284","1":"product","2":"type-product","3":"status-publish","4":"has-post-thumbnail","6":"product_cat-deonet","8":"first","9":"instock","10":"shipping-taxable","11":"product-type-simple"},"_links":{"self":[{"href":"https:\/\/thecey.com\/en\/wp-json\/wp\/v2\/product\/26284\/"}],"collection":[{"href":"https:\/\/thecey.com\/en\/wp-json\/wp\/v2\/product\/"}],"about":[{"href":"https:\/\/thecey.com\/en\/wp-json\/wp\/v2\/types\/product\/"}],"replies":[{"embeddable":true,"href":"https:\/\/thecey.com\/en\/wp-json\/wp\/v2\/comments\/?post=26284"}],"wp:featuredmedia":[{"embeddable":true,"href":"https:\/\/thecey.com\/en\/wp-json\/wp\/v2\/media\/26285\/"}],"wp:attachment":[{"href":"https:\/\/thecey.com\/en\/wp-json\/wp\/v2\/media\/?parent=26284"}],"wp:term":[{"taxonomy":"product_brand","embeddable":true,"href":"https:\/\/thecey.com\/en\/wp-json\/wp\/v2\/product_brand\/?post=26284"},{"taxonomy":"product_cat","embeddable":true,"href":"https:\/\/thecey.com\/en\/wp-json\/wp\/v2\/product_cat\/?post=26284"},{"taxonomy":"product_tag","embeddable":true,"href":"https:\/\/thecey.com\/en\/wp-json\/wp\/v2\/product_tag\/?post=26284"}],"curies":[{"name":"wp","href":"https:\/\/api.w.org\/{rel}","templated":true}]}}