{"id":26271,"date":"2025-11-19T09:23:52","date_gmt":"2025-11-19T06:23:52","guid":{"rendered":"https:\/\/thecey.com\/?post_type=product&#038;p=26271"},"modified":"2025-11-19T09:23:54","modified_gmt":"2025-11-19T06:23:54","slug":"usb-stick-mini-card","status":"publish","type":"product","link":"https:\/\/thecey.com\/en\/urunler\/usb-stick-mini-card\/","title":{"rendered":"USB Stick Mini Card"},"content":{"rendered":"<p>USB Mini Kart, USB Kredi Kart\u0131m\u0131z kadar incedir. Her iki taraf\u0131 da y\u00fcksek kaliteli, tam renkli bask\u0131yla ki\u015fiselle\u015ftirilebilir. Ayr\u0131ca, ki\u015fiye \u00f6zel bask\u0131lar da m\u00fcmk\u00fcnd\u00fcr.<\/p>\n","protected":false},"excerpt":{"rendered":"<p>USB Mini Kart, USB Kredi Kart\u0131m\u0131z kadar incedir. Her iki taraf\u0131 da y\u00fcksek kaliteli, tam renkli bask\u0131yla ki\u015fiselle\u015ftirilebilir. Ayr\u0131ca, ki\u015fiye \u00f6zel bask\u0131lar da m\u00fcmk\u00fcnd\u00fcr.<\/p>\n","protected":false},"featured_media":26272,"comment_status":"open","ping_status":"closed","template":"","meta":[],"product_brand":[],"product_cat":[17],"product_tag":[],"class_list":{"0":"post-26271","1":"product","2":"type-product","3":"status-publish","4":"has-post-thumbnail","6":"product_cat-deonet","8":"first","9":"instock","10":"shipping-taxable","11":"product-type-simple"},"_links":{"self":[{"href":"https:\/\/thecey.com\/en\/wp-json\/wp\/v2\/product\/26271\/"}],"collection":[{"href":"https:\/\/thecey.com\/en\/wp-json\/wp\/v2\/product\/"}],"about":[{"href":"https:\/\/thecey.com\/en\/wp-json\/wp\/v2\/types\/product\/"}],"replies":[{"embeddable":true,"href":"https:\/\/thecey.com\/en\/wp-json\/wp\/v2\/comments\/?post=26271"}],"wp:featuredmedia":[{"embeddable":true,"href":"https:\/\/thecey.com\/en\/wp-json\/wp\/v2\/media\/26272\/"}],"wp:attachment":[{"href":"https:\/\/thecey.com\/en\/wp-json\/wp\/v2\/media\/?parent=26271"}],"wp:term":[{"taxonomy":"product_brand","embeddable":true,"href":"https:\/\/thecey.com\/en\/wp-json\/wp\/v2\/product_brand\/?post=26271"},{"taxonomy":"product_cat","embeddable":true,"href":"https:\/\/thecey.com\/en\/wp-json\/wp\/v2\/product_cat\/?post=26271"},{"taxonomy":"product_tag","embeddable":true,"href":"https:\/\/thecey.com\/en\/wp-json\/wp\/v2\/product_tag\/?post=26271"}],"curies":[{"name":"wp","href":"https:\/\/api.w.org\/{rel}","templated":true}]}}