{"id":26236,"date":"2025-11-18T17:42:23","date_gmt":"2025-11-18T14:42:23","guid":{"rendered":"https:\/\/thecey.com\/?post_type=product&#038;p=26236"},"modified":"2025-11-18T17:42:26","modified_gmt":"2025-11-18T14:42:26","slug":"pin-metal","status":"publish","type":"product","link":"https:\/\/thecey.com\/en\/urunler\/pin-metal\/","title":{"rendered":"Pin Metal"},"content":{"rendered":"<p>Pin Metal, l\u00fcks bir kubbeyle tamamlanm\u0131\u015f klasik bir metal rozettir. Rozetin, pimli ve m\u0131knat\u0131sl\u0131 veya kilitli, g\u00fc\u00e7l\u00fc bir metal arka y\u00fczeyi vard\u0131r.<\/p>\n","protected":false},"excerpt":{"rendered":"<p>Pin Metal, l\u00fcks bir kubbeyle tamamlanm\u0131\u015f klasik bir metal rozettir. Rozetin, pimli ve m\u0131knat\u0131sl\u0131 veya kilitli, g\u00fc\u00e7l\u00fc bir metal arka y\u00fczeyi vard\u0131r.<\/p>\n","protected":false},"featured_media":26237,"comment_status":"open","ping_status":"closed","template":"","meta":[],"product_brand":[],"product_cat":[17],"product_tag":[],"class_list":{"0":"post-26236","1":"product","2":"type-product","3":"status-publish","4":"has-post-thumbnail","6":"product_cat-deonet","8":"first","9":"instock","10":"shipping-taxable","11":"product-type-simple"},"_links":{"self":[{"href":"https:\/\/thecey.com\/en\/wp-json\/wp\/v2\/product\/26236\/"}],"collection":[{"href":"https:\/\/thecey.com\/en\/wp-json\/wp\/v2\/product\/"}],"about":[{"href":"https:\/\/thecey.com\/en\/wp-json\/wp\/v2\/types\/product\/"}],"replies":[{"embeddable":true,"href":"https:\/\/thecey.com\/en\/wp-json\/wp\/v2\/comments\/?post=26236"}],"wp:featuredmedia":[{"embeddable":true,"href":"https:\/\/thecey.com\/en\/wp-json\/wp\/v2\/media\/26237\/"}],"wp:attachment":[{"href":"https:\/\/thecey.com\/en\/wp-json\/wp\/v2\/media\/?parent=26236"}],"wp:term":[{"taxonomy":"product_brand","embeddable":true,"href":"https:\/\/thecey.com\/en\/wp-json\/wp\/v2\/product_brand\/?post=26236"},{"taxonomy":"product_cat","embeddable":true,"href":"https:\/\/thecey.com\/en\/wp-json\/wp\/v2\/product_cat\/?post=26236"},{"taxonomy":"product_tag","embeddable":true,"href":"https:\/\/thecey.com\/en\/wp-json\/wp\/v2\/product_tag\/?post=26236"}],"curies":[{"name":"wp","href":"https:\/\/api.w.org\/{rel}","templated":true}]}}