{"id":26208,"date":"2025-11-18T17:38:09","date_gmt":"2025-11-18T14:38:09","guid":{"rendered":"https:\/\/thecey.com\/?post_type=product&#038;p=26208"},"modified":"2025-11-18T17:38:11","modified_gmt":"2025-11-18T14:38:11","slug":"pen-madrid","status":"publish","type":"product","link":"https:\/\/thecey.com\/en\/urunler\/pen-madrid\/","title":{"rendered":"Pen Madrid"},"content":{"rendered":"<p>Pen Madrid al\u00fcminyum ve kau\u00e7uktan \u00fcretilmi\u015ftir. Kau\u00e7uk daha iyi bir tutu\u015f sa\u011flar.<\/p>\n","protected":false},"excerpt":{"rendered":"<p>Pen Madrid al\u00fcminyum ve kau\u00e7uktan \u00fcretilmi\u015ftir. Kau\u00e7uk daha iyi bir tutu\u015f sa\u011flar.<\/p>\n","protected":false},"featured_media":26209,"comment_status":"open","ping_status":"closed","template":"","meta":[],"product_brand":[],"product_cat":[15],"product_tag":[],"class_list":{"0":"post-26208","1":"product","2":"type-product","3":"status-publish","4":"has-post-thumbnail","6":"product_cat-cikolata","8":"first","9":"instock","10":"shipping-taxable","11":"product-type-simple"},"_links":{"self":[{"href":"https:\/\/thecey.com\/en\/wp-json\/wp\/v2\/product\/26208\/"}],"collection":[{"href":"https:\/\/thecey.com\/en\/wp-json\/wp\/v2\/product\/"}],"about":[{"href":"https:\/\/thecey.com\/en\/wp-json\/wp\/v2\/types\/product\/"}],"replies":[{"embeddable":true,"href":"https:\/\/thecey.com\/en\/wp-json\/wp\/v2\/comments\/?post=26208"}],"wp:featuredmedia":[{"embeddable":true,"href":"https:\/\/thecey.com\/en\/wp-json\/wp\/v2\/media\/26209\/"}],"wp:attachment":[{"href":"https:\/\/thecey.com\/en\/wp-json\/wp\/v2\/media\/?parent=26208"}],"wp:term":[{"taxonomy":"product_brand","embeddable":true,"href":"https:\/\/thecey.com\/en\/wp-json\/wp\/v2\/product_brand\/?post=26208"},{"taxonomy":"product_cat","embeddable":true,"href":"https:\/\/thecey.com\/en\/wp-json\/wp\/v2\/product_cat\/?post=26208"},{"taxonomy":"product_tag","embeddable":true,"href":"https:\/\/thecey.com\/en\/wp-json\/wp\/v2\/product_tag\/?post=26208"}],"curies":[{"name":"wp","href":"https:\/\/api.w.org\/{rel}","templated":true}]}}