{"id":26201,"date":"2025-11-18T17:33:17","date_gmt":"2025-11-18T14:33:17","guid":{"rendered":"https:\/\/thecey.com\/?post_type=product&#038;p=26201"},"modified":"2025-11-18T17:33:19","modified_gmt":"2025-11-18T14:33:19","slug":"pen-superior-mini-2","status":"publish","type":"product","link":"https:\/\/thecey.com\/en\/urunler\/pen-superior-mini-2\/","title":{"rendered":"Pen Superior Mini+"},"content":{"rendered":"<p>Pen Superior Mini+, Pen Superior Mini&#8217;mizin g\u00fcncellenmi\u015f versiyonudur. Bu kalem ele rahat\u00e7a oturur, modern bir tasar\u0131ma ve mat bir g\u00f6r\u00fcn\u00fcme sahiptir. Pen Superior Mini+&#8217;\u0131 tam renkli bask\u0131yla ki\u015fiselle\u015ftiriyoruz.<\/p>\n","protected":false},"excerpt":{"rendered":"<p>Pen Superior Mini+, Pen Superior Mini&#8217;mizin g\u00fcncellenmi\u015f versiyonudur. Bu kalem ele rahat\u00e7a oturur, modern bir tasar\u0131ma ve mat bir g\u00f6r\u00fcn\u00fcme sahiptir. Pen Superior Mini+&#8217;\u0131 tam renkli bask\u0131yla ki\u015fiselle\u015ftiriyoruz.<\/p>\n","protected":false},"featured_media":26202,"comment_status":"open","ping_status":"closed","template":"","meta":[],"product_brand":[],"product_cat":[17],"product_tag":[],"class_list":{"0":"post-26201","1":"product","2":"type-product","3":"status-publish","4":"has-post-thumbnail","6":"product_cat-deonet","8":"first","9":"instock","10":"shipping-taxable","11":"product-type-simple"},"_links":{"self":[{"href":"https:\/\/thecey.com\/en\/wp-json\/wp\/v2\/product\/26201\/"}],"collection":[{"href":"https:\/\/thecey.com\/en\/wp-json\/wp\/v2\/product\/"}],"about":[{"href":"https:\/\/thecey.com\/en\/wp-json\/wp\/v2\/types\/product\/"}],"replies":[{"embeddable":true,"href":"https:\/\/thecey.com\/en\/wp-json\/wp\/v2\/comments\/?post=26201"}],"wp:featuredmedia":[{"embeddable":true,"href":"https:\/\/thecey.com\/en\/wp-json\/wp\/v2\/media\/26202\/"}],"wp:attachment":[{"href":"https:\/\/thecey.com\/en\/wp-json\/wp\/v2\/media\/?parent=26201"}],"wp:term":[{"taxonomy":"product_brand","embeddable":true,"href":"https:\/\/thecey.com\/en\/wp-json\/wp\/v2\/product_brand\/?post=26201"},{"taxonomy":"product_cat","embeddable":true,"href":"https:\/\/thecey.com\/en\/wp-json\/wp\/v2\/product_cat\/?post=26201"},{"taxonomy":"product_tag","embeddable":true,"href":"https:\/\/thecey.com\/en\/wp-json\/wp\/v2\/product_tag\/?post=26201"}],"curies":[{"name":"wp","href":"https:\/\/api.w.org\/{rel}","templated":true}]}}