{"id":26144,"date":"2025-11-18T17:23:35","date_gmt":"2025-11-18T14:23:35","guid":{"rendered":"https:\/\/thecey.com\/?post_type=product&#038;p=26144"},"modified":"2025-11-18T17:23:37","modified_gmt":"2025-11-18T14:23:37","slug":"puzzle-magnet-0-75-mm","status":"publish","type":"product","link":"https:\/\/thecey.com\/en\/urunler\/puzzle-magnet-0-75-mm\/","title":{"rendered":"Puzzle Magnet 0.75 mm"},"content":{"rendered":"<p>0,75 mm kal\u0131nl\u0131\u011f\u0131nda bask\u0131l\u0131 esnek promosyon magnet. \u0130stedi\u011finiz puzzle tasar\u0131m\u0131n\u0131 se\u00e7ebilirsiniz.<\/p>\n","protected":false},"excerpt":{"rendered":"<p>0,75 mm kal\u0131nl\u0131\u011f\u0131nda bask\u0131l\u0131 esnek promosyon magnet. \u0130stedi\u011finiz puzzle tasar\u0131m\u0131n\u0131 se\u00e7ebilirsiniz.<\/p>\n","protected":false},"featured_media":26148,"comment_status":"open","ping_status":"closed","template":"","meta":[],"product_brand":[],"product_cat":[17],"product_tag":[],"class_list":{"0":"post-26144","1":"product","2":"type-product","3":"status-publish","4":"has-post-thumbnail","6":"product_cat-deonet","8":"first","9":"instock","10":"shipping-taxable","11":"product-type-simple"},"_links":{"self":[{"href":"https:\/\/thecey.com\/en\/wp-json\/wp\/v2\/product\/26144\/"}],"collection":[{"href":"https:\/\/thecey.com\/en\/wp-json\/wp\/v2\/product\/"}],"about":[{"href":"https:\/\/thecey.com\/en\/wp-json\/wp\/v2\/types\/product\/"}],"replies":[{"embeddable":true,"href":"https:\/\/thecey.com\/en\/wp-json\/wp\/v2\/comments\/?post=26144"}],"wp:featuredmedia":[{"embeddable":true,"href":"https:\/\/thecey.com\/en\/wp-json\/wp\/v2\/media\/26148\/"}],"wp:attachment":[{"href":"https:\/\/thecey.com\/en\/wp-json\/wp\/v2\/media\/?parent=26144"}],"wp:term":[{"taxonomy":"product_brand","embeddable":true,"href":"https:\/\/thecey.com\/en\/wp-json\/wp\/v2\/product_brand\/?post=26144"},{"taxonomy":"product_cat","embeddable":true,"href":"https:\/\/thecey.com\/en\/wp-json\/wp\/v2\/product_cat\/?post=26144"},{"taxonomy":"product_tag","embeddable":true,"href":"https:\/\/thecey.com\/en\/wp-json\/wp\/v2\/product_tag\/?post=26144"}],"curies":[{"name":"wp","href":"https:\/\/api.w.org\/{rel}","templated":true}]}}