{"id":26102,"date":"2025-11-18T17:12:01","date_gmt":"2025-11-18T14:12:01","guid":{"rendered":"https:\/\/thecey.com\/?post_type=product&#038;p=26102"},"modified":"2025-11-18T17:12:03","modified_gmt":"2025-11-18T14:12:03","slug":"key-ring-luna","status":"publish","type":"product","link":"https:\/\/thecey.com\/en\/urunler\/key-ring-luna\/","title":{"rendered":"Key Ring Luna"},"content":{"rendered":"<p>Luna Anahtarl\u0131k, ho\u015f bir kavisli arka y\u00fcze sahip krom metalden yap\u0131lm\u0131\u015ft\u0131r. Bu anahtarl\u0131k, tam renkli bir kubbe ile ki\u015fiselle\u015ftirilebilir.<\/p>\n","protected":false},"excerpt":{"rendered":"<p>Luna Anahtarl\u0131k, ho\u015f bir kavisli arka y\u00fcze sahip krom metalden yap\u0131lm\u0131\u015ft\u0131r. Bu anahtarl\u0131k, tam renkli bir kubbe ile ki\u015fiselle\u015ftirilebilir.<\/p>\n","protected":false},"featured_media":26103,"comment_status":"open","ping_status":"closed","template":"","meta":[],"product_brand":[],"product_cat":[17],"product_tag":[],"class_list":{"0":"post-26102","1":"product","2":"type-product","3":"status-publish","4":"has-post-thumbnail","6":"product_cat-deonet","8":"first","9":"instock","10":"shipping-taxable","11":"product-type-simple"},"_links":{"self":[{"href":"https:\/\/thecey.com\/en\/wp-json\/wp\/v2\/product\/26102\/"}],"collection":[{"href":"https:\/\/thecey.com\/en\/wp-json\/wp\/v2\/product\/"}],"about":[{"href":"https:\/\/thecey.com\/en\/wp-json\/wp\/v2\/types\/product\/"}],"replies":[{"embeddable":true,"href":"https:\/\/thecey.com\/en\/wp-json\/wp\/v2\/comments\/?post=26102"}],"wp:featuredmedia":[{"embeddable":true,"href":"https:\/\/thecey.com\/en\/wp-json\/wp\/v2\/media\/26103\/"}],"wp:attachment":[{"href":"https:\/\/thecey.com\/en\/wp-json\/wp\/v2\/media\/?parent=26102"}],"wp:term":[{"taxonomy":"product_brand","embeddable":true,"href":"https:\/\/thecey.com\/en\/wp-json\/wp\/v2\/product_brand\/?post=26102"},{"taxonomy":"product_cat","embeddable":true,"href":"https:\/\/thecey.com\/en\/wp-json\/wp\/v2\/product_cat\/?post=26102"},{"taxonomy":"product_tag","embeddable":true,"href":"https:\/\/thecey.com\/en\/wp-json\/wp\/v2\/product_tag\/?post=26102"}],"curies":[{"name":"wp","href":"https:\/\/api.w.org\/{rel}","templated":true}]}}