{"id":26071,"date":"2025-11-18T17:04:52","date_gmt":"2025-11-18T14:04:52","guid":{"rendered":"https:\/\/thecey.com\/?post_type=product&#038;p=26071"},"modified":"2025-11-18T17:04:54","modified_gmt":"2025-11-18T14:04:54","slug":"key-ring-helsinki","status":"publish","type":"product","link":"https:\/\/thecey.com\/en\/urunler\/key-ring-helsinki\/","title":{"rendered":"Key Ring Helsinki"},"content":{"rendered":"<p>Hem l\u00fcks hem de s\u00fcrd\u00fcr\u00fclebilir. Bu anahtarl\u0131k, y\u00fcksek kaliteli f\u0131r\u00e7alanm\u0131\u015f metal ve ince beyaz ah\u015faptan yap\u0131lm\u0131\u015ft\u0131r. \u00dcst d\u00fczey ve s\u00fcrd\u00fcr\u00fclebilir bir \u00e7\u00f6z\u00fcm ar\u0131yorsan\u0131z, do\u011fru se\u00e7im.<\/p>\n","protected":false},"excerpt":{"rendered":"<p>Hem l\u00fcks hem de s\u00fcrd\u00fcr\u00fclebilir. Bu anahtarl\u0131k, y\u00fcksek kaliteli f\u0131r\u00e7alanm\u0131\u015f metal ve ince beyaz ah\u015faptan yap\u0131lm\u0131\u015ft\u0131r. \u00dcst d\u00fczey ve s\u00fcrd\u00fcr\u00fclebilir bir \u00e7\u00f6z\u00fcm ar\u0131yorsan\u0131z, do\u011fru se\u00e7im.<\/p>\n","protected":false},"featured_media":26072,"comment_status":"open","ping_status":"closed","template":"","meta":[],"product_brand":[],"product_cat":[17],"product_tag":[],"class_list":{"0":"post-26071","1":"product","2":"type-product","3":"status-publish","4":"has-post-thumbnail","6":"product_cat-deonet","8":"first","9":"instock","10":"shipping-taxable","11":"product-type-simple"},"_links":{"self":[{"href":"https:\/\/thecey.com\/en\/wp-json\/wp\/v2\/product\/26071\/"}],"collection":[{"href":"https:\/\/thecey.com\/en\/wp-json\/wp\/v2\/product\/"}],"about":[{"href":"https:\/\/thecey.com\/en\/wp-json\/wp\/v2\/types\/product\/"}],"replies":[{"embeddable":true,"href":"https:\/\/thecey.com\/en\/wp-json\/wp\/v2\/comments\/?post=26071"}],"wp:featuredmedia":[{"embeddable":true,"href":"https:\/\/thecey.com\/en\/wp-json\/wp\/v2\/media\/26072\/"}],"wp:attachment":[{"href":"https:\/\/thecey.com\/en\/wp-json\/wp\/v2\/media\/?parent=26071"}],"wp:term":[{"taxonomy":"product_brand","embeddable":true,"href":"https:\/\/thecey.com\/en\/wp-json\/wp\/v2\/product_brand\/?post=26071"},{"taxonomy":"product_cat","embeddable":true,"href":"https:\/\/thecey.com\/en\/wp-json\/wp\/v2\/product_cat\/?post=26071"},{"taxonomy":"product_tag","embeddable":true,"href":"https:\/\/thecey.com\/en\/wp-json\/wp\/v2\/product_tag\/?post=26071"}],"curies":[{"name":"wp","href":"https:\/\/api.w.org\/{rel}","templated":true}]}}