{"id":26033,"date":"2025-11-18T16:59:38","date_gmt":"2025-11-18T13:59:38","guid":{"rendered":"https:\/\/thecey.com\/?post_type=product&#038;p=26033"},"modified":"2025-11-18T16:59:40","modified_gmt":"2025-11-18T13:59:40","slug":"key-ring-atlanta","status":"publish","type":"product","link":"https:\/\/thecey.com\/en\/urunler\/key-ring-atlanta\/","title":{"rendered":"Key Ring Atlanta"},"content":{"rendered":"<p>Key Ring Atlanta ile i\u00e7eceklerinizi zahmetsizce a\u00e7\u0131n. Modern tasar\u0131m ve s\u00fcrd\u00fcr\u00fclebilir kaynaklar\u0131n birle\u015fiminden olu\u015fan bu a\u00e7aca\u011f\u0131 yan\u0131n\u0131zda ta\u015f\u0131man\u0131z kolayd\u0131r. Tam renkli bask\u0131 veya grav\u00fcrle ki\u015fiselle\u015ftirilebilir.<\/p>\n","protected":false},"excerpt":{"rendered":"<p>Key Ring Atlanta ile i\u00e7eceklerinizi zahmetsizce a\u00e7\u0131n. Modern tasar\u0131m ve s\u00fcrd\u00fcr\u00fclebilir kaynaklar\u0131n birle\u015fiminden olu\u015fan bu a\u00e7aca\u011f\u0131 yan\u0131n\u0131zda ta\u015f\u0131man\u0131z kolayd\u0131r. Tam renkli bask\u0131 veya grav\u00fcrle ki\u015fiselle\u015ftirilebilir.<\/p>\n","protected":false},"featured_media":26034,"comment_status":"open","ping_status":"closed","template":"","meta":[],"product_brand":[],"product_cat":[17],"product_tag":[],"class_list":{"0":"post-26033","1":"product","2":"type-product","3":"status-publish","4":"has-post-thumbnail","6":"product_cat-deonet","8":"first","9":"instock","10":"shipping-taxable","11":"product-type-simple"},"_links":{"self":[{"href":"https:\/\/thecey.com\/en\/wp-json\/wp\/v2\/product\/26033\/"}],"collection":[{"href":"https:\/\/thecey.com\/en\/wp-json\/wp\/v2\/product\/"}],"about":[{"href":"https:\/\/thecey.com\/en\/wp-json\/wp\/v2\/types\/product\/"}],"replies":[{"embeddable":true,"href":"https:\/\/thecey.com\/en\/wp-json\/wp\/v2\/comments\/?post=26033"}],"wp:featuredmedia":[{"embeddable":true,"href":"https:\/\/thecey.com\/en\/wp-json\/wp\/v2\/media\/26034\/"}],"wp:attachment":[{"href":"https:\/\/thecey.com\/en\/wp-json\/wp\/v2\/media\/?parent=26033"}],"wp:term":[{"taxonomy":"product_brand","embeddable":true,"href":"https:\/\/thecey.com\/en\/wp-json\/wp\/v2\/product_brand\/?post=26033"},{"taxonomy":"product_cat","embeddable":true,"href":"https:\/\/thecey.com\/en\/wp-json\/wp\/v2\/product_cat\/?post=26033"},{"taxonomy":"product_tag","embeddable":true,"href":"https:\/\/thecey.com\/en\/wp-json\/wp\/v2\/product_tag\/?post=26033"}],"curies":[{"name":"wp","href":"https:\/\/api.w.org\/{rel}","templated":true}]}}