{"id":26001,"date":"2025-11-18T16:53:49","date_gmt":"2025-11-18T13:53:49","guid":{"rendered":"https:\/\/thecey.com\/?post_type=product&#038;p=26001"},"modified":"2025-11-18T16:53:52","modified_gmt":"2025-11-18T13:53:52","slug":"key-ring-bamboo","status":"publish","type":"product","link":"https:\/\/thecey.com\/en\/urunler\/key-ring-bamboo\/","title":{"rendered":"Key Ring Bamboo"},"content":{"rendered":"<p>Bambu Anahtarl\u0131k, l\u00fcks ve dayan\u0131kl\u0131 bir anahtarl\u0131kt\u0131r. Kullan\u0131lan malzeme do\u011fal bambudur, bu da her \u00fcr\u00fcnde renk fark\u0131 olabilece\u011fi anlam\u0131na gelir. Anahtarl\u0131k, grav\u00fcr veya tam renkli bask\u0131 ile ki\u015fiselle\u015ftirilebilir.<\/p>\n","protected":false},"excerpt":{"rendered":"<p>Bambu Anahtarl\u0131k, l\u00fcks ve dayan\u0131kl\u0131 bir anahtarl\u0131kt\u0131r. Kullan\u0131lan malzeme do\u011fal bambudur, bu da her \u00fcr\u00fcnde renk fark\u0131 olabilece\u011fi anlam\u0131na gelir. Anahtarl\u0131k, grav\u00fcr veya tam renkli bask\u0131 ile ki\u015fiselle\u015ftirilebilir.<\/p>\n","protected":false},"featured_media":26002,"comment_status":"open","ping_status":"closed","template":"","meta":[],"product_brand":[],"product_cat":[17],"product_tag":[],"class_list":{"0":"post-26001","1":"product","2":"type-product","3":"status-publish","4":"has-post-thumbnail","6":"product_cat-deonet","8":"first","9":"instock","10":"shipping-taxable","11":"product-type-simple"},"_links":{"self":[{"href":"https:\/\/thecey.com\/en\/wp-json\/wp\/v2\/product\/26001\/"}],"collection":[{"href":"https:\/\/thecey.com\/en\/wp-json\/wp\/v2\/product\/"}],"about":[{"href":"https:\/\/thecey.com\/en\/wp-json\/wp\/v2\/types\/product\/"}],"replies":[{"embeddable":true,"href":"https:\/\/thecey.com\/en\/wp-json\/wp\/v2\/comments\/?post=26001"}],"wp:featuredmedia":[{"embeddable":true,"href":"https:\/\/thecey.com\/en\/wp-json\/wp\/v2\/media\/26002\/"}],"wp:attachment":[{"href":"https:\/\/thecey.com\/en\/wp-json\/wp\/v2\/media\/?parent=26001"}],"wp:term":[{"taxonomy":"product_brand","embeddable":true,"href":"https:\/\/thecey.com\/en\/wp-json\/wp\/v2\/product_brand\/?post=26001"},{"taxonomy":"product_cat","embeddable":true,"href":"https:\/\/thecey.com\/en\/wp-json\/wp\/v2\/product_cat\/?post=26001"},{"taxonomy":"product_tag","embeddable":true,"href":"https:\/\/thecey.com\/en\/wp-json\/wp\/v2\/product_tag\/?post=26001"}],"curies":[{"name":"wp","href":"https:\/\/api.w.org\/{rel}","templated":true}]}}