{"id":25984,"date":"2025-11-18T16:50:53","date_gmt":"2025-11-18T13:50:53","guid":{"rendered":"https:\/\/thecey.com\/?post_type=product&#038;p=25984"},"modified":"2025-11-18T16:50:55","modified_gmt":"2025-11-18T13:50:55","slug":"key-ring-hard-single","status":"publish","type":"product","link":"https:\/\/thecey.com\/en\/urunler\/key-ring-hard-single\/","title":{"rendered":"Key Ring Hard Single"},"content":{"rendered":"<p>Sert Tekli Anahtarl\u0131k, kubbeli veya tam renkli bask\u0131l\u0131, tek tarafl\u0131 tam renkli bask\u0131 veya l\u00fcks kubbeli kaplamaya sahip, esnek olmayan bir anahtarl\u0131kt\u0131r. Bu anahtarl\u0131k her \u015fekil ve boyutta mevcuttur!<\/p>\n","protected":false},"excerpt":{"rendered":"<p>Sert Tekli Anahtarl\u0131k, kubbeli veya tam renkli bask\u0131l\u0131, tek tarafl\u0131 tam renkli bask\u0131 veya l\u00fcks kubbeli kaplamaya sahip, esnek olmayan bir anahtarl\u0131kt\u0131r. Bu anahtarl\u0131k her \u015fekil ve boyutta mevcuttur!<\/p>\n","protected":false},"featured_media":25985,"comment_status":"open","ping_status":"closed","template":"","meta":[],"product_brand":[],"product_cat":[17],"product_tag":[],"class_list":{"0":"post-25984","1":"product","2":"type-product","3":"status-publish","4":"has-post-thumbnail","6":"product_cat-deonet","8":"first","9":"instock","10":"shipping-taxable","11":"product-type-simple"},"_links":{"self":[{"href":"https:\/\/thecey.com\/en\/wp-json\/wp\/v2\/product\/25984\/"}],"collection":[{"href":"https:\/\/thecey.com\/en\/wp-json\/wp\/v2\/product\/"}],"about":[{"href":"https:\/\/thecey.com\/en\/wp-json\/wp\/v2\/types\/product\/"}],"replies":[{"embeddable":true,"href":"https:\/\/thecey.com\/en\/wp-json\/wp\/v2\/comments\/?post=25984"}],"wp:featuredmedia":[{"embeddable":true,"href":"https:\/\/thecey.com\/en\/wp-json\/wp\/v2\/media\/25985\/"}],"wp:attachment":[{"href":"https:\/\/thecey.com\/en\/wp-json\/wp\/v2\/media\/?parent=25984"}],"wp:term":[{"taxonomy":"product_brand","embeddable":true,"href":"https:\/\/thecey.com\/en\/wp-json\/wp\/v2\/product_brand\/?post=25984"},{"taxonomy":"product_cat","embeddable":true,"href":"https:\/\/thecey.com\/en\/wp-json\/wp\/v2\/product_cat\/?post=25984"},{"taxonomy":"product_tag","embeddable":true,"href":"https:\/\/thecey.com\/en\/wp-json\/wp\/v2\/product_tag\/?post=25984"}],"curies":[{"name":"wp","href":"https:\/\/api.w.org\/{rel}","templated":true}]}}